{"id":1486,"date":"2025-11-13T18:06:28","date_gmt":"2025-11-13T18:06:28","guid":{"rendered":"https:\/\/suomenbrittifordkerho.net\/?post_type=product&#038;p=1486"},"modified":"2025-11-13T18:10:29","modified_gmt":"2025-11-13T18:10:29","slug":"cooleri-logolla","status":"publish","type":"product","link":"https:\/\/suomenbrittifordkerho.net\/index.php\/tuote\/cooleri-logolla\/","title":{"rendered":"COOLERI LOGOLLA"},"content":{"rendered":"<p>Saatavana: Anglia, Cortina, Escort ja Consul Capri logoilla. Toisella puolella kerhon logo<\/p>\n<p>Erotu eduksesi ja n\u00e4yt\u00e4&#8230; merkkisi<\/p>\n","protected":false},"excerpt":{"rendered":"<p>Nyt tulee talvi ja pakkaset.. Mik\u00e4s sen mukavampaa kun istua saunassa kylm\u00e4 juoma k\u00e4dess\u00e4.. parempaa on se, ett\u00e4 se pysyy pidemp\u00e4\u00e4n kylm\u00e4n\u00e4<\/p>\n","protected":false},"featured_media":1487,"comment_status":"open","ping_status":"closed","template":"","meta":{"_bbp_topic_count":0,"_bbp_reply_count":0,"_bbp_total_topic_count":0,"_bbp_total_reply_count":0,"_bbp_voice_count":0,"_bbp_anonymous_reply_count":0,"_bbp_topic_count_hidden":0,"_bbp_reply_count_hidden":0,"_bbp_forum_subforum_count":0},"product_brand":[],"product_cat":[20],"product_tag":[],"class_list":{"0":"post-1486","1":"product","2":"type-product","3":"status-publish","4":"has-post-thumbnail","6":"product_cat-yleinen","7":"product_shipping_class-kirje","9":"first","10":"instock","11":"shipping-taxable","12":"purchasable","13":"product-type-variable"},"yoast_head":"<!-- This site is optimized with the Yoast SEO plugin v27.4 - https:\/\/yoast.com\/product\/yoast-seo-wordpress\/ -->\n<title>COOLERI LOGOLLA - Suomen BrittiFord -Kerho<\/title>\n<meta name=\"robots\" content=\"index, follow, max-snippet:-1, max-image-preview:large, max-video-preview:-1\" \/>\n<link rel=\"canonical\" href=\"https:\/\/suomenbrittifordkerho.net\/index.php\/tuote\/cooleri-logolla\/\" \/>\n<meta property=\"og:locale\" content=\"fi_FI\" \/>\n<meta property=\"og:type\" content=\"article\" \/>\n<meta property=\"og:title\" content=\"COOLERI LOGOLLA - Suomen BrittiFord -Kerho\" \/>\n<meta property=\"og:description\" content=\"Nyt tulee talvi ja pakkaset.. Mik\u00e4s sen mukavampaa kun istua saunassa kylm\u00e4 juoma k\u00e4dess\u00e4.. parempaa on se, ett\u00e4 se pysyy pidemp\u00e4\u00e4n kylm\u00e4n\u00e4\" \/>\n<meta property=\"og:url\" content=\"https:\/\/suomenbrittifordkerho.net\/index.php\/tuote\/cooleri-logolla\/\" \/>\n<meta property=\"og:site_name\" content=\"Suomen BrittiFord -Kerho\" \/>\n<meta property=\"article:modified_time\" content=\"2025-11-13T18:10:29+00:00\" \/>\n<meta property=\"og:image\" content=\"https:\/\/suomenbrittifordkerho.net\/wp-content\/uploads\/2025\/11\/Cooler-etu-sivu-kuva.jpg\" \/>\n\t<meta property=\"og:image:width\" content=\"1512\" \/>\n\t<meta property=\"og:image:height\" content=\"2016\" \/>\n\t<meta property=\"og:image:type\" content=\"image\/jpeg\" \/>\n<meta name=\"twitter:card\" content=\"summary_large_image\" \/>\n<meta name=\"twitter:label1\" content=\"Arvioitu lukuaika\" \/>\n\t<meta name=\"twitter:data1\" content=\"1 minuutti\" \/>\n<script type=\"application\/ld+json\" class=\"yoast-schema-graph\">{\"@context\":\"https:\\\/\\\/schema.org\",\"@graph\":[{\"@type\":\"WebPage\",\"@id\":\"https:\\\/\\\/suomenbrittifordkerho.net\\\/index.php\\\/tuote\\\/cooleri-logolla\\\/\",\"url\":\"https:\\\/\\\/suomenbrittifordkerho.net\\\/index.php\\\/tuote\\\/cooleri-logolla\\\/\",\"name\":\"COOLERI LOGOLLA - Suomen BrittiFord -Kerho\",\"isPartOf\":{\"@id\":\"https:\\\/\\\/suomenbrittifordkerho.net\\\/#website\"},\"primaryImageOfPage\":{\"@id\":\"https:\\\/\\\/suomenbrittifordkerho.net\\\/index.php\\\/tuote\\\/cooleri-logolla\\\/#primaryimage\"},\"image\":{\"@id\":\"https:\\\/\\\/suomenbrittifordkerho.net\\\/index.php\\\/tuote\\\/cooleri-logolla\\\/#primaryimage\"},\"thumbnailUrl\":\"https:\\\/\\\/suomenbrittifordkerho.net\\\/wp-content\\\/uploads\\\/2025\\\/11\\\/Cooler-etu-sivu-kuva.jpg\",\"datePublished\":\"2025-11-13T18:06:28+00:00\",\"dateModified\":\"2025-11-13T18:10:29+00:00\",\"breadcrumb\":{\"@id\":\"https:\\\/\\\/suomenbrittifordkerho.net\\\/index.php\\\/tuote\\\/cooleri-logolla\\\/#breadcrumb\"},\"inLanguage\":\"fi\",\"potentialAction\":[{\"@type\":\"ReadAction\",\"target\":[\"https:\\\/\\\/suomenbrittifordkerho.net\\\/index.php\\\/tuote\\\/cooleri-logolla\\\/\"]}]},{\"@type\":\"ImageObject\",\"inLanguage\":\"fi\",\"@id\":\"https:\\\/\\\/suomenbrittifordkerho.net\\\/index.php\\\/tuote\\\/cooleri-logolla\\\/#primaryimage\",\"url\":\"https:\\\/\\\/suomenbrittifordkerho.net\\\/wp-content\\\/uploads\\\/2025\\\/11\\\/Cooler-etu-sivu-kuva.jpg\",\"contentUrl\":\"https:\\\/\\\/suomenbrittifordkerho.net\\\/wp-content\\\/uploads\\\/2025\\\/11\\\/Cooler-etu-sivu-kuva.jpg\",\"width\":1512,\"height\":2016},{\"@type\":\"BreadcrumbList\",\"@id\":\"https:\\\/\\\/suomenbrittifordkerho.net\\\/index.php\\\/tuote\\\/cooleri-logolla\\\/#breadcrumb\",\"itemListElement\":[{\"@type\":\"ListItem\",\"position\":1,\"name\":\"Etusivu\",\"item\":\"https:\\\/\\\/suomenbrittifordkerho.net\\\/\"},{\"@type\":\"ListItem\",\"position\":2,\"name\":\"Kauppa\",\"item\":\"https:\\\/\\\/suomenbrittifordkerho.net\\\/index.php\\\/kauppa\\\/\"},{\"@type\":\"ListItem\",\"position\":3,\"name\":\"COOLERI LOGOLLA\"}]},{\"@type\":\"WebSite\",\"@id\":\"https:\\\/\\\/suomenbrittifordkerho.net\\\/#website\",\"url\":\"https:\\\/\\\/suomenbrittifordkerho.net\\\/\",\"name\":\"Suomen BrittiFord -Kerho\",\"description\":\"\",\"potentialAction\":[{\"@type\":\"SearchAction\",\"target\":{\"@type\":\"EntryPoint\",\"urlTemplate\":\"https:\\\/\\\/suomenbrittifordkerho.net\\\/?s={search_term_string}\"},\"query-input\":{\"@type\":\"PropertyValueSpecification\",\"valueRequired\":true,\"valueName\":\"search_term_string\"}}],\"inLanguage\":\"fi\"}]}<\/script>\n<!-- \/ Yoast SEO plugin. -->","yoast_head_json":{"title":"COOLERI LOGOLLA - Suomen BrittiFord -Kerho","robots":{"index":"index","follow":"follow","max-snippet":"max-snippet:-1","max-image-preview":"max-image-preview:large","max-video-preview":"max-video-preview:-1"},"canonical":"https:\/\/suomenbrittifordkerho.net\/index.php\/tuote\/cooleri-logolla\/","og_locale":"fi_FI","og_type":"article","og_title":"COOLERI LOGOLLA - Suomen BrittiFord -Kerho","og_description":"Nyt tulee talvi ja pakkaset.. Mik\u00e4s sen mukavampaa kun istua saunassa kylm\u00e4 juoma k\u00e4dess\u00e4.. parempaa on se, ett\u00e4 se pysyy pidemp\u00e4\u00e4n kylm\u00e4n\u00e4","og_url":"https:\/\/suomenbrittifordkerho.net\/index.php\/tuote\/cooleri-logolla\/","og_site_name":"Suomen BrittiFord -Kerho","article_modified_time":"2025-11-13T18:10:29+00:00","og_image":[{"width":1512,"height":2016,"url":"https:\/\/suomenbrittifordkerho.net\/wp-content\/uploads\/2025\/11\/Cooler-etu-sivu-kuva.jpg","type":"image\/jpeg"}],"twitter_card":"summary_large_image","twitter_misc":{"Arvioitu lukuaika":"1 minuutti"},"schema":{"@context":"https:\/\/schema.org","@graph":[{"@type":"WebPage","@id":"https:\/\/suomenbrittifordkerho.net\/index.php\/tuote\/cooleri-logolla\/","url":"https:\/\/suomenbrittifordkerho.net\/index.php\/tuote\/cooleri-logolla\/","name":"COOLERI LOGOLLA - Suomen BrittiFord -Kerho","isPartOf":{"@id":"https:\/\/suomenbrittifordkerho.net\/#website"},"primaryImageOfPage":{"@id":"https:\/\/suomenbrittifordkerho.net\/index.php\/tuote\/cooleri-logolla\/#primaryimage"},"image":{"@id":"https:\/\/suomenbrittifordkerho.net\/index.php\/tuote\/cooleri-logolla\/#primaryimage"},"thumbnailUrl":"https:\/\/suomenbrittifordkerho.net\/wp-content\/uploads\/2025\/11\/Cooler-etu-sivu-kuva.jpg","datePublished":"2025-11-13T18:06:28+00:00","dateModified":"2025-11-13T18:10:29+00:00","breadcrumb":{"@id":"https:\/\/suomenbrittifordkerho.net\/index.php\/tuote\/cooleri-logolla\/#breadcrumb"},"inLanguage":"fi","potentialAction":[{"@type":"ReadAction","target":["https:\/\/suomenbrittifordkerho.net\/index.php\/tuote\/cooleri-logolla\/"]}]},{"@type":"ImageObject","inLanguage":"fi","@id":"https:\/\/suomenbrittifordkerho.net\/index.php\/tuote\/cooleri-logolla\/#primaryimage","url":"https:\/\/suomenbrittifordkerho.net\/wp-content\/uploads\/2025\/11\/Cooler-etu-sivu-kuva.jpg","contentUrl":"https:\/\/suomenbrittifordkerho.net\/wp-content\/uploads\/2025\/11\/Cooler-etu-sivu-kuva.jpg","width":1512,"height":2016},{"@type":"BreadcrumbList","@id":"https:\/\/suomenbrittifordkerho.net\/index.php\/tuote\/cooleri-logolla\/#breadcrumb","itemListElement":[{"@type":"ListItem","position":1,"name":"Etusivu","item":"https:\/\/suomenbrittifordkerho.net\/"},{"@type":"ListItem","position":2,"name":"Kauppa","item":"https:\/\/suomenbrittifordkerho.net\/index.php\/kauppa\/"},{"@type":"ListItem","position":3,"name":"COOLERI LOGOLLA"}]},{"@type":"WebSite","@id":"https:\/\/suomenbrittifordkerho.net\/#website","url":"https:\/\/suomenbrittifordkerho.net\/","name":"Suomen BrittiFord -Kerho","description":"","potentialAction":[{"@type":"SearchAction","target":{"@type":"EntryPoint","urlTemplate":"https:\/\/suomenbrittifordkerho.net\/?s={search_term_string}"},"query-input":{"@type":"PropertyValueSpecification","valueRequired":true,"valueName":"search_term_string"}}],"inLanguage":"fi"}]}},"_links":{"self":[{"href":"https:\/\/suomenbrittifordkerho.net\/index.php\/wp-json\/wp\/v2\/product\/1486","targetHints":{"allow":["GET"]}}],"collection":[{"href":"https:\/\/suomenbrittifordkerho.net\/index.php\/wp-json\/wp\/v2\/product"}],"about":[{"href":"https:\/\/suomenbrittifordkerho.net\/index.php\/wp-json\/wp\/v2\/types\/product"}],"replies":[{"embeddable":true,"href":"https:\/\/suomenbrittifordkerho.net\/index.php\/wp-json\/wp\/v2\/comments?post=1486"}],"wp:featuredmedia":[{"embeddable":true,"href":"https:\/\/suomenbrittifordkerho.net\/index.php\/wp-json\/wp\/v2\/media\/1487"}],"wp:attachment":[{"href":"https:\/\/suomenbrittifordkerho.net\/index.php\/wp-json\/wp\/v2\/media?parent=1486"}],"wp:term":[{"taxonomy":"product_brand","embeddable":true,"href":"https:\/\/suomenbrittifordkerho.net\/index.php\/wp-json\/wp\/v2\/product_brand?post=1486"},{"taxonomy":"product_cat","embeddable":true,"href":"https:\/\/suomenbrittifordkerho.net\/index.php\/wp-json\/wp\/v2\/product_cat?post=1486"},{"taxonomy":"product_tag","embeddable":true,"href":"https:\/\/suomenbrittifordkerho.net\/index.php\/wp-json\/wp\/v2\/product_tag?post=1486"}],"curies":[{"name":"wp","href":"https:\/\/api.w.org\/{rel}","templated":true}]}}