{"id":1387,"date":"2025-10-17T16:44:09","date_gmt":"2025-10-17T16:44:09","guid":{"rendered":"https:\/\/suomenbrittifordkerho.net\/?post_type=product&#038;p=1387"},"modified":"2025-11-30T08:37:39","modified_gmt":"2025-11-30T08:37:39","slug":"anglia-t-paita","status":"publish","type":"product","link":"https:\/\/suomenbrittifordkerho.net\/index.php\/tuote\/anglia-t-paita\/","title":{"rendered":"ANGLIA T- PAITA"},"content":{"rendered":"<p><strong>SOFTSTYLE\u00a0 T-PAITA<\/strong><\/p>\n<p>REGULAR FIT 153 g\/m\u00b2<\/p>\n<p>100% esikutistettu ring spun puuvilla<\/p>\n<p>Single jersey neulos<\/p>\n<p>Irrotettava niskalappu<\/p>\n<p>Sivusaumaton<\/p>\n<p>Miellytt\u00e4v\u00e4 p\u00e4\u00e4ll\u00e4.<\/p>\n<p>TUOTTEITA L\u00c4HETET\u00c4\u00c4N KERRAN VIIKOSSA<\/p>\n","protected":false},"excerpt":{"rendered":"<p>JOKA ANGLIA MIEHEN JA NAISEN PAKKO HANKINTA<\/p>\n<p>Saatavilla nyt vain mustana.<\/p>\n<p>SBFK j\u00e4senille j\u00e4senhinta !!!<\/p>\n","protected":false},"featured_media":1394,"comment_status":"open","ping_status":"closed","template":"","meta":{"_bbp_topic_count":0,"_bbp_reply_count":0,"_bbp_total_topic_count":0,"_bbp_total_reply_count":0,"_bbp_voice_count":0,"_bbp_anonymous_reply_count":0,"_bbp_topic_count_hidden":0,"_bbp_reply_count_hidden":0,"_bbp_forum_subforum_count":0},"product_brand":[56],"product_cat":[29],"product_tag":[],"class_list":{"0":"post-1387","1":"product","2":"type-product","3":"status-publish","4":"has-post-thumbnail","6":"product_brand-anglia","7":"product_cat-paidat","9":"first","10":"instock","11":"shipping-taxable","12":"purchasable","13":"product-type-variable","14":"has-default-attributes"},"yoast_head":"<!-- This site is optimized with the Yoast SEO plugin v27.4 - https:\/\/yoast.com\/product\/yoast-seo-wordpress\/ -->\n<title>ANGLIA T- PAITA - Suomen BrittiFord -Kerho<\/title>\n<meta name=\"robots\" content=\"index, follow, max-snippet:-1, max-image-preview:large, max-video-preview:-1\" \/>\n<link rel=\"canonical\" href=\"https:\/\/suomenbrittifordkerho.net\/index.php\/tuote\/anglia-t-paita\/\" \/>\n<meta property=\"og:locale\" content=\"fi_FI\" \/>\n<meta property=\"og:type\" content=\"article\" \/>\n<meta property=\"og:title\" content=\"ANGLIA T- PAITA - Suomen BrittiFord -Kerho\" \/>\n<meta property=\"og:description\" content=\"JOKA ANGLIA MIEHEN JA NAISEN PAKKO HANKINTA  Saatavilla nyt vain mustana.  SBFK j\u00e4senille j\u00e4senhinta !!!\" \/>\n<meta property=\"og:url\" content=\"https:\/\/suomenbrittifordkerho.net\/index.php\/tuote\/anglia-t-paita\/\" \/>\n<meta property=\"og:site_name\" content=\"Suomen BrittiFord -Kerho\" \/>\n<meta property=\"article:modified_time\" content=\"2025-11-30T08:37:39+00:00\" \/>\n<meta property=\"og:image\" content=\"https:\/\/suomenbrittifordkerho.net\/wp-content\/uploads\/2025\/10\/Anglia-T-paita-selka-musta.png\" \/>\n\t<meta property=\"og:image:width\" content=\"396\" \/>\n\t<meta property=\"og:image:height\" content=\"492\" \/>\n\t<meta property=\"og:image:type\" content=\"image\/png\" \/>\n<meta name=\"twitter:card\" content=\"summary_large_image\" \/>\n<meta name=\"twitter:label1\" content=\"Arvioitu lukuaika\" \/>\n\t<meta name=\"twitter:data1\" content=\"1 minuutti\" \/>\n<script type=\"application\/ld+json\" class=\"yoast-schema-graph\">{\"@context\":\"https:\\\/\\\/schema.org\",\"@graph\":[{\"@type\":\"WebPage\",\"@id\":\"https:\\\/\\\/suomenbrittifordkerho.net\\\/index.php\\\/tuote\\\/anglia-t-paita\\\/\",\"url\":\"https:\\\/\\\/suomenbrittifordkerho.net\\\/index.php\\\/tuote\\\/anglia-t-paita\\\/\",\"name\":\"ANGLIA T- PAITA - Suomen BrittiFord -Kerho\",\"isPartOf\":{\"@id\":\"https:\\\/\\\/suomenbrittifordkerho.net\\\/#website\"},\"primaryImageOfPage\":{\"@id\":\"https:\\\/\\\/suomenbrittifordkerho.net\\\/index.php\\\/tuote\\\/anglia-t-paita\\\/#primaryimage\"},\"image\":{\"@id\":\"https:\\\/\\\/suomenbrittifordkerho.net\\\/index.php\\\/tuote\\\/anglia-t-paita\\\/#primaryimage\"},\"thumbnailUrl\":\"https:\\\/\\\/suomenbrittifordkerho.net\\\/wp-content\\\/uploads\\\/2025\\\/10\\\/Anglia-T-paita-selka-musta.png\",\"datePublished\":\"2025-10-17T16:44:09+00:00\",\"dateModified\":\"2025-11-30T08:37:39+00:00\",\"breadcrumb\":{\"@id\":\"https:\\\/\\\/suomenbrittifordkerho.net\\\/index.php\\\/tuote\\\/anglia-t-paita\\\/#breadcrumb\"},\"inLanguage\":\"fi\",\"potentialAction\":[{\"@type\":\"ReadAction\",\"target\":[\"https:\\\/\\\/suomenbrittifordkerho.net\\\/index.php\\\/tuote\\\/anglia-t-paita\\\/\"]}]},{\"@type\":\"ImageObject\",\"inLanguage\":\"fi\",\"@id\":\"https:\\\/\\\/suomenbrittifordkerho.net\\\/index.php\\\/tuote\\\/anglia-t-paita\\\/#primaryimage\",\"url\":\"https:\\\/\\\/suomenbrittifordkerho.net\\\/wp-content\\\/uploads\\\/2025\\\/10\\\/Anglia-T-paita-selka-musta.png\",\"contentUrl\":\"https:\\\/\\\/suomenbrittifordkerho.net\\\/wp-content\\\/uploads\\\/2025\\\/10\\\/Anglia-T-paita-selka-musta.png\",\"width\":396,\"height\":492},{\"@type\":\"BreadcrumbList\",\"@id\":\"https:\\\/\\\/suomenbrittifordkerho.net\\\/index.php\\\/tuote\\\/anglia-t-paita\\\/#breadcrumb\",\"itemListElement\":[{\"@type\":\"ListItem\",\"position\":1,\"name\":\"Etusivu\",\"item\":\"https:\\\/\\\/suomenbrittifordkerho.net\\\/\"},{\"@type\":\"ListItem\",\"position\":2,\"name\":\"Kauppa\",\"item\":\"https:\\\/\\\/suomenbrittifordkerho.net\\\/index.php\\\/kauppa\\\/\"},{\"@type\":\"ListItem\",\"position\":3,\"name\":\"ANGLIA T- PAITA\"}]},{\"@type\":\"WebSite\",\"@id\":\"https:\\\/\\\/suomenbrittifordkerho.net\\\/#website\",\"url\":\"https:\\\/\\\/suomenbrittifordkerho.net\\\/\",\"name\":\"Suomen BrittiFord -Kerho\",\"description\":\"\",\"potentialAction\":[{\"@type\":\"SearchAction\",\"target\":{\"@type\":\"EntryPoint\",\"urlTemplate\":\"https:\\\/\\\/suomenbrittifordkerho.net\\\/?s={search_term_string}\"},\"query-input\":{\"@type\":\"PropertyValueSpecification\",\"valueRequired\":true,\"valueName\":\"search_term_string\"}}],\"inLanguage\":\"fi\"}]}<\/script>\n<!-- \/ Yoast SEO plugin. -->","yoast_head_json":{"title":"ANGLIA T- PAITA - Suomen BrittiFord -Kerho","robots":{"index":"index","follow":"follow","max-snippet":"max-snippet:-1","max-image-preview":"max-image-preview:large","max-video-preview":"max-video-preview:-1"},"canonical":"https:\/\/suomenbrittifordkerho.net\/index.php\/tuote\/anglia-t-paita\/","og_locale":"fi_FI","og_type":"article","og_title":"ANGLIA T- PAITA - Suomen BrittiFord -Kerho","og_description":"JOKA ANGLIA MIEHEN JA NAISEN PAKKO HANKINTA  Saatavilla nyt vain mustana.  SBFK j\u00e4senille j\u00e4senhinta !!!","og_url":"https:\/\/suomenbrittifordkerho.net\/index.php\/tuote\/anglia-t-paita\/","og_site_name":"Suomen BrittiFord -Kerho","article_modified_time":"2025-11-30T08:37:39+00:00","og_image":[{"width":396,"height":492,"url":"https:\/\/suomenbrittifordkerho.net\/wp-content\/uploads\/2025\/10\/Anglia-T-paita-selka-musta.png","type":"image\/png"}],"twitter_card":"summary_large_image","twitter_misc":{"Arvioitu lukuaika":"1 minuutti"},"schema":{"@context":"https:\/\/schema.org","@graph":[{"@type":"WebPage","@id":"https:\/\/suomenbrittifordkerho.net\/index.php\/tuote\/anglia-t-paita\/","url":"https:\/\/suomenbrittifordkerho.net\/index.php\/tuote\/anglia-t-paita\/","name":"ANGLIA T- PAITA - Suomen BrittiFord -Kerho","isPartOf":{"@id":"https:\/\/suomenbrittifordkerho.net\/#website"},"primaryImageOfPage":{"@id":"https:\/\/suomenbrittifordkerho.net\/index.php\/tuote\/anglia-t-paita\/#primaryimage"},"image":{"@id":"https:\/\/suomenbrittifordkerho.net\/index.php\/tuote\/anglia-t-paita\/#primaryimage"},"thumbnailUrl":"https:\/\/suomenbrittifordkerho.net\/wp-content\/uploads\/2025\/10\/Anglia-T-paita-selka-musta.png","datePublished":"2025-10-17T16:44:09+00:00","dateModified":"2025-11-30T08:37:39+00:00","breadcrumb":{"@id":"https:\/\/suomenbrittifordkerho.net\/index.php\/tuote\/anglia-t-paita\/#breadcrumb"},"inLanguage":"fi","potentialAction":[{"@type":"ReadAction","target":["https:\/\/suomenbrittifordkerho.net\/index.php\/tuote\/anglia-t-paita\/"]}]},{"@type":"ImageObject","inLanguage":"fi","@id":"https:\/\/suomenbrittifordkerho.net\/index.php\/tuote\/anglia-t-paita\/#primaryimage","url":"https:\/\/suomenbrittifordkerho.net\/wp-content\/uploads\/2025\/10\/Anglia-T-paita-selka-musta.png","contentUrl":"https:\/\/suomenbrittifordkerho.net\/wp-content\/uploads\/2025\/10\/Anglia-T-paita-selka-musta.png","width":396,"height":492},{"@type":"BreadcrumbList","@id":"https:\/\/suomenbrittifordkerho.net\/index.php\/tuote\/anglia-t-paita\/#breadcrumb","itemListElement":[{"@type":"ListItem","position":1,"name":"Etusivu","item":"https:\/\/suomenbrittifordkerho.net\/"},{"@type":"ListItem","position":2,"name":"Kauppa","item":"https:\/\/suomenbrittifordkerho.net\/index.php\/kauppa\/"},{"@type":"ListItem","position":3,"name":"ANGLIA T- PAITA"}]},{"@type":"WebSite","@id":"https:\/\/suomenbrittifordkerho.net\/#website","url":"https:\/\/suomenbrittifordkerho.net\/","name":"Suomen BrittiFord -Kerho","description":"","potentialAction":[{"@type":"SearchAction","target":{"@type":"EntryPoint","urlTemplate":"https:\/\/suomenbrittifordkerho.net\/?s={search_term_string}"},"query-input":{"@type":"PropertyValueSpecification","valueRequired":true,"valueName":"search_term_string"}}],"inLanguage":"fi"}]}},"_links":{"self":[{"href":"https:\/\/suomenbrittifordkerho.net\/index.php\/wp-json\/wp\/v2\/product\/1387","targetHints":{"allow":["GET"]}}],"collection":[{"href":"https:\/\/suomenbrittifordkerho.net\/index.php\/wp-json\/wp\/v2\/product"}],"about":[{"href":"https:\/\/suomenbrittifordkerho.net\/index.php\/wp-json\/wp\/v2\/types\/product"}],"replies":[{"embeddable":true,"href":"https:\/\/suomenbrittifordkerho.net\/index.php\/wp-json\/wp\/v2\/comments?post=1387"}],"wp:featuredmedia":[{"embeddable":true,"href":"https:\/\/suomenbrittifordkerho.net\/index.php\/wp-json\/wp\/v2\/media\/1394"}],"wp:attachment":[{"href":"https:\/\/suomenbrittifordkerho.net\/index.php\/wp-json\/wp\/v2\/media?parent=1387"}],"wp:term":[{"taxonomy":"product_brand","embeddable":true,"href":"https:\/\/suomenbrittifordkerho.net\/index.php\/wp-json\/wp\/v2\/product_brand?post=1387"},{"taxonomy":"product_cat","embeddable":true,"href":"https:\/\/suomenbrittifordkerho.net\/index.php\/wp-json\/wp\/v2\/product_cat?post=1387"},{"taxonomy":"product_tag","embeddable":true,"href":"https:\/\/suomenbrittifordkerho.net\/index.php\/wp-json\/wp\/v2\/product_tag?post=1387"}],"curies":[{"name":"wp","href":"https:\/\/api.w.org\/{rel}","templated":true}]}}