{"id":1344,"date":"2025-10-14T13:04:12","date_gmt":"2025-10-14T13:04:12","guid":{"rendered":"https:\/\/suomenbrittifordkerho.net\/?post_type=product&#038;p=1344"},"modified":"2025-10-17T16:54:45","modified_gmt":"2025-10-17T16:54:45","slug":"urheilukassi","status":"publish","type":"product","link":"https:\/\/suomenbrittifordkerho.net\/index.php\/tuote\/urheilukassi\/","title":{"rendered":"URHEILUKASSI"},"content":{"rendered":"<p><strong>URHEILUKASSI<\/strong><\/p>\n<p>100% Polyesteri 600D<\/p>\n<p>Kaksisuuntainen vetoketju<\/p>\n<p>Sivutaskussa kenk\u00e4pussi<\/p>\n<p>S\u00e4\u00e4dett\u00e4v\u00e4 olkahiha<\/p>\n<p class=\"ql-indent-1\">26 LITRAA<\/p>\n","protected":false},"excerpt":{"rendered":"<p>Saatavilla Escort , Cortina, Consul Capri malleina, joissa on SBFK logo sivussa. Tai pelk\u00e4st\u00e4\u00e4n SBFK logolla.<\/p>\n<p>Pelkistetty, k\u00e4tev\u00e4n kokoinen urheilukassi.<\/p>\n<p>Sivutaskusta l\u00f6ytyy kengille oma lokero, mik\u00e4 lis\u00e4\u00e4 k\u00e4ytt\u00f6mukavuutta.<\/p>\n<p>26 Litraa. Vain mustana<\/p>\n","protected":false},"featured_media":1345,"comment_status":"open","ping_status":"closed","template":"","meta":{"_bbp_topic_count":0,"_bbp_reply_count":0,"_bbp_total_topic_count":0,"_bbp_total_reply_count":0,"_bbp_voice_count":0,"_bbp_anonymous_reply_count":0,"_bbp_topic_count_hidden":0,"_bbp_reply_count_hidden":0,"_bbp_forum_subforum_count":0},"product_brand":[],"product_cat":[55],"product_tag":[],"class_list":{"0":"post-1344","1":"product","2":"type-product","3":"status-publish","4":"has-post-thumbnail","6":"product_cat-kassit","8":"first","9":"instock","10":"shipping-taxable","11":"purchasable","12":"product-type-variable"},"yoast_head":"<!-- This site is optimized with the Yoast SEO plugin v27.4 - https:\/\/yoast.com\/product\/yoast-seo-wordpress\/ -->\n<title>URHEILUKASSI - Suomen BrittiFord -Kerho<\/title>\n<meta name=\"robots\" content=\"index, follow, max-snippet:-1, max-image-preview:large, max-video-preview:-1\" \/>\n<link rel=\"canonical\" href=\"https:\/\/suomenbrittifordkerho.net\/index.php\/tuote\/urheilukassi\/\" \/>\n<meta property=\"og:locale\" content=\"fi_FI\" \/>\n<meta property=\"og:type\" content=\"article\" \/>\n<meta property=\"og:title\" content=\"URHEILUKASSI - Suomen BrittiFord -Kerho\" \/>\n<meta property=\"og:description\" content=\"Saatavilla Escort , Cortina, Consul Capri malleina, joissa on SBFK logo sivussa. Tai pelk\u00e4st\u00e4\u00e4n SBFK logolla.  Pelkistetty, k\u00e4tev\u00e4n kokoinen urheilukassi.  Sivutaskusta l\u00f6ytyy kengille oma lokero, mik\u00e4 lis\u00e4\u00e4 k\u00e4ytt\u00f6mukavuutta.  26 Litraa. Vain mustana\" \/>\n<meta property=\"og:url\" content=\"https:\/\/suomenbrittifordkerho.net\/index.php\/tuote\/urheilukassi\/\" \/>\n<meta property=\"og:site_name\" content=\"Suomen BrittiFord -Kerho\" \/>\n<meta property=\"article:modified_time\" content=\"2025-10-17T16:54:45+00:00\" \/>\n<meta property=\"og:image\" content=\"https:\/\/suomenbrittifordkerho.net\/wp-content\/uploads\/2025\/10\/20251013_135641-scaled.jpg\" \/>\n\t<meta property=\"og:image:width\" content=\"1920\" \/>\n\t<meta property=\"og:image:height\" content=\"2560\" \/>\n\t<meta property=\"og:image:type\" content=\"image\/jpeg\" \/>\n<meta name=\"twitter:card\" content=\"summary_large_image\" \/>\n<meta name=\"twitter:label1\" content=\"Arvioitu lukuaika\" \/>\n\t<meta name=\"twitter:data1\" content=\"1 minuutti\" \/>\n<script type=\"application\/ld+json\" class=\"yoast-schema-graph\">{\"@context\":\"https:\\\/\\\/schema.org\",\"@graph\":[{\"@type\":\"WebPage\",\"@id\":\"https:\\\/\\\/suomenbrittifordkerho.net\\\/index.php\\\/tuote\\\/urheilukassi\\\/\",\"url\":\"https:\\\/\\\/suomenbrittifordkerho.net\\\/index.php\\\/tuote\\\/urheilukassi\\\/\",\"name\":\"URHEILUKASSI - Suomen BrittiFord -Kerho\",\"isPartOf\":{\"@id\":\"https:\\\/\\\/suomenbrittifordkerho.net\\\/#website\"},\"primaryImageOfPage\":{\"@id\":\"https:\\\/\\\/suomenbrittifordkerho.net\\\/index.php\\\/tuote\\\/urheilukassi\\\/#primaryimage\"},\"image\":{\"@id\":\"https:\\\/\\\/suomenbrittifordkerho.net\\\/index.php\\\/tuote\\\/urheilukassi\\\/#primaryimage\"},\"thumbnailUrl\":\"https:\\\/\\\/suomenbrittifordkerho.net\\\/wp-content\\\/uploads\\\/2025\\\/10\\\/20251013_135641-scaled.jpg\",\"datePublished\":\"2025-10-14T13:04:12+00:00\",\"dateModified\":\"2025-10-17T16:54:45+00:00\",\"breadcrumb\":{\"@id\":\"https:\\\/\\\/suomenbrittifordkerho.net\\\/index.php\\\/tuote\\\/urheilukassi\\\/#breadcrumb\"},\"inLanguage\":\"fi\",\"potentialAction\":[{\"@type\":\"ReadAction\",\"target\":[\"https:\\\/\\\/suomenbrittifordkerho.net\\\/index.php\\\/tuote\\\/urheilukassi\\\/\"]}]},{\"@type\":\"ImageObject\",\"inLanguage\":\"fi\",\"@id\":\"https:\\\/\\\/suomenbrittifordkerho.net\\\/index.php\\\/tuote\\\/urheilukassi\\\/#primaryimage\",\"url\":\"https:\\\/\\\/suomenbrittifordkerho.net\\\/wp-content\\\/uploads\\\/2025\\\/10\\\/20251013_135641-scaled.jpg\",\"contentUrl\":\"https:\\\/\\\/suomenbrittifordkerho.net\\\/wp-content\\\/uploads\\\/2025\\\/10\\\/20251013_135641-scaled.jpg\",\"width\":1920,\"height\":2560},{\"@type\":\"BreadcrumbList\",\"@id\":\"https:\\\/\\\/suomenbrittifordkerho.net\\\/index.php\\\/tuote\\\/urheilukassi\\\/#breadcrumb\",\"itemListElement\":[{\"@type\":\"ListItem\",\"position\":1,\"name\":\"Etusivu\",\"item\":\"https:\\\/\\\/suomenbrittifordkerho.net\\\/\"},{\"@type\":\"ListItem\",\"position\":2,\"name\":\"Kauppa\",\"item\":\"https:\\\/\\\/suomenbrittifordkerho.net\\\/index.php\\\/kauppa\\\/\"},{\"@type\":\"ListItem\",\"position\":3,\"name\":\"URHEILUKASSI\"}]},{\"@type\":\"WebSite\",\"@id\":\"https:\\\/\\\/suomenbrittifordkerho.net\\\/#website\",\"url\":\"https:\\\/\\\/suomenbrittifordkerho.net\\\/\",\"name\":\"Suomen BrittiFord -Kerho\",\"description\":\"\",\"potentialAction\":[{\"@type\":\"SearchAction\",\"target\":{\"@type\":\"EntryPoint\",\"urlTemplate\":\"https:\\\/\\\/suomenbrittifordkerho.net\\\/?s={search_term_string}\"},\"query-input\":{\"@type\":\"PropertyValueSpecification\",\"valueRequired\":true,\"valueName\":\"search_term_string\"}}],\"inLanguage\":\"fi\"}]}<\/script>\n<!-- \/ Yoast SEO plugin. -->","yoast_head_json":{"title":"URHEILUKASSI - Suomen BrittiFord -Kerho","robots":{"index":"index","follow":"follow","max-snippet":"max-snippet:-1","max-image-preview":"max-image-preview:large","max-video-preview":"max-video-preview:-1"},"canonical":"https:\/\/suomenbrittifordkerho.net\/index.php\/tuote\/urheilukassi\/","og_locale":"fi_FI","og_type":"article","og_title":"URHEILUKASSI - Suomen BrittiFord -Kerho","og_description":"Saatavilla Escort , Cortina, Consul Capri malleina, joissa on SBFK logo sivussa. Tai pelk\u00e4st\u00e4\u00e4n SBFK logolla.  Pelkistetty, k\u00e4tev\u00e4n kokoinen urheilukassi.  Sivutaskusta l\u00f6ytyy kengille oma lokero, mik\u00e4 lis\u00e4\u00e4 k\u00e4ytt\u00f6mukavuutta.  26 Litraa. Vain mustana","og_url":"https:\/\/suomenbrittifordkerho.net\/index.php\/tuote\/urheilukassi\/","og_site_name":"Suomen BrittiFord -Kerho","article_modified_time":"2025-10-17T16:54:45+00:00","og_image":[{"width":1920,"height":2560,"url":"https:\/\/suomenbrittifordkerho.net\/wp-content\/uploads\/2025\/10\/20251013_135641-scaled.jpg","type":"image\/jpeg"}],"twitter_card":"summary_large_image","twitter_misc":{"Arvioitu lukuaika":"1 minuutti"},"schema":{"@context":"https:\/\/schema.org","@graph":[{"@type":"WebPage","@id":"https:\/\/suomenbrittifordkerho.net\/index.php\/tuote\/urheilukassi\/","url":"https:\/\/suomenbrittifordkerho.net\/index.php\/tuote\/urheilukassi\/","name":"URHEILUKASSI - Suomen BrittiFord -Kerho","isPartOf":{"@id":"https:\/\/suomenbrittifordkerho.net\/#website"},"primaryImageOfPage":{"@id":"https:\/\/suomenbrittifordkerho.net\/index.php\/tuote\/urheilukassi\/#primaryimage"},"image":{"@id":"https:\/\/suomenbrittifordkerho.net\/index.php\/tuote\/urheilukassi\/#primaryimage"},"thumbnailUrl":"https:\/\/suomenbrittifordkerho.net\/wp-content\/uploads\/2025\/10\/20251013_135641-scaled.jpg","datePublished":"2025-10-14T13:04:12+00:00","dateModified":"2025-10-17T16:54:45+00:00","breadcrumb":{"@id":"https:\/\/suomenbrittifordkerho.net\/index.php\/tuote\/urheilukassi\/#breadcrumb"},"inLanguage":"fi","potentialAction":[{"@type":"ReadAction","target":["https:\/\/suomenbrittifordkerho.net\/index.php\/tuote\/urheilukassi\/"]}]},{"@type":"ImageObject","inLanguage":"fi","@id":"https:\/\/suomenbrittifordkerho.net\/index.php\/tuote\/urheilukassi\/#primaryimage","url":"https:\/\/suomenbrittifordkerho.net\/wp-content\/uploads\/2025\/10\/20251013_135641-scaled.jpg","contentUrl":"https:\/\/suomenbrittifordkerho.net\/wp-content\/uploads\/2025\/10\/20251013_135641-scaled.jpg","width":1920,"height":2560},{"@type":"BreadcrumbList","@id":"https:\/\/suomenbrittifordkerho.net\/index.php\/tuote\/urheilukassi\/#breadcrumb","itemListElement":[{"@type":"ListItem","position":1,"name":"Etusivu","item":"https:\/\/suomenbrittifordkerho.net\/"},{"@type":"ListItem","position":2,"name":"Kauppa","item":"https:\/\/suomenbrittifordkerho.net\/index.php\/kauppa\/"},{"@type":"ListItem","position":3,"name":"URHEILUKASSI"}]},{"@type":"WebSite","@id":"https:\/\/suomenbrittifordkerho.net\/#website","url":"https:\/\/suomenbrittifordkerho.net\/","name":"Suomen BrittiFord -Kerho","description":"","potentialAction":[{"@type":"SearchAction","target":{"@type":"EntryPoint","urlTemplate":"https:\/\/suomenbrittifordkerho.net\/?s={search_term_string}"},"query-input":{"@type":"PropertyValueSpecification","valueRequired":true,"valueName":"search_term_string"}}],"inLanguage":"fi"}]}},"_links":{"self":[{"href":"https:\/\/suomenbrittifordkerho.net\/index.php\/wp-json\/wp\/v2\/product\/1344","targetHints":{"allow":["GET"]}}],"collection":[{"href":"https:\/\/suomenbrittifordkerho.net\/index.php\/wp-json\/wp\/v2\/product"}],"about":[{"href":"https:\/\/suomenbrittifordkerho.net\/index.php\/wp-json\/wp\/v2\/types\/product"}],"replies":[{"embeddable":true,"href":"https:\/\/suomenbrittifordkerho.net\/index.php\/wp-json\/wp\/v2\/comments?post=1344"}],"wp:featuredmedia":[{"embeddable":true,"href":"https:\/\/suomenbrittifordkerho.net\/index.php\/wp-json\/wp\/v2\/media\/1345"}],"wp:attachment":[{"href":"https:\/\/suomenbrittifordkerho.net\/index.php\/wp-json\/wp\/v2\/media?parent=1344"}],"wp:term":[{"taxonomy":"product_brand","embeddable":true,"href":"https:\/\/suomenbrittifordkerho.net\/index.php\/wp-json\/wp\/v2\/product_brand?post=1344"},{"taxonomy":"product_cat","embeddable":true,"href":"https:\/\/suomenbrittifordkerho.net\/index.php\/wp-json\/wp\/v2\/product_cat?post=1344"},{"taxonomy":"product_tag","embeddable":true,"href":"https:\/\/suomenbrittifordkerho.net\/index.php\/wp-json\/wp\/v2\/product_tag?post=1344"}],"curies":[{"name":"wp","href":"https:\/\/api.w.org\/{rel}","templated":true}]}}