{"id":1137,"date":"2025-02-02T17:51:37","date_gmt":"2025-02-02T17:51:37","guid":{"rendered":"https:\/\/suomenbrittifordkerho.net\/?post_type=product&#038;p=1137"},"modified":"2025-10-06T12:57:35","modified_gmt":"2025-10-06T12:57:35","slug":"sbfk-parkkikiekko","status":"publish","type":"product","link":"https:\/\/suomenbrittifordkerho.net\/index.php\/tuote\/sbfk-parkkikiekko\/","title":{"rendered":"SBFK Parkkikiekko"},"content":{"rendered":"<p>Parkkikiekko joka on n\u00e4ytt\u00e4v\u00e4 ja jokaisen Britti Foordistin pakko-ostos<\/p>\n","protected":false},"excerpt":{"rendered":"<p>Tulosteuut parkkikiekko<\/p>\n<p>SBFK logolla<\/p>\n<p>13 cm halkaisija<\/p>\n","protected":false},"featured_media":1138,"comment_status":"open","ping_status":"closed","template":"","meta":{"_bbp_topic_count":0,"_bbp_reply_count":0,"_bbp_total_topic_count":0,"_bbp_total_reply_count":0,"_bbp_voice_count":0,"_bbp_anonymous_reply_count":0,"_bbp_topic_count_hidden":0,"_bbp_reply_count_hidden":0,"_bbp_forum_subforum_count":0},"product_brand":[],"product_cat":[20],"product_tag":[],"class_list":{"0":"post-1137","1":"product","2":"type-product","3":"status-publish","4":"has-post-thumbnail","6":"product_cat-yleinen","7":"product_shipping_class-kirje","9":"first","10":"instock","11":"shipping-taxable","12":"purchasable","13":"product-type-simple"},"yoast_head":"<!-- This site is optimized with the Yoast SEO plugin v27.4 - https:\/\/yoast.com\/product\/yoast-seo-wordpress\/ -->\n<title>SBFK Parkkikiekko - Suomen BrittiFord -Kerho<\/title>\n<meta name=\"robots\" content=\"index, follow, max-snippet:-1, max-image-preview:large, max-video-preview:-1\" \/>\n<link rel=\"canonical\" href=\"https:\/\/suomenbrittifordkerho.net\/index.php\/tuote\/sbfk-parkkikiekko\/\" \/>\n<meta property=\"og:locale\" content=\"fi_FI\" \/>\n<meta property=\"og:type\" content=\"article\" \/>\n<meta property=\"og:title\" content=\"SBFK Parkkikiekko - Suomen BrittiFord -Kerho\" \/>\n<meta property=\"og:description\" content=\"Tulosteuut parkkikiekko  SBFK logolla  13 cm halkaisija\" \/>\n<meta property=\"og:url\" content=\"https:\/\/suomenbrittifordkerho.net\/index.php\/tuote\/sbfk-parkkikiekko\/\" \/>\n<meta property=\"og:site_name\" content=\"Suomen BrittiFord -Kerho\" \/>\n<meta property=\"article:modified_time\" content=\"2025-10-06T12:57:35+00:00\" \/>\n<meta property=\"og:image\" content=\"https:\/\/suomenbrittifordkerho.net\/wp-content\/uploads\/2025\/02\/20250202_143200-scaled-e1738518548228.jpg\" \/>\n\t<meta property=\"og:image:width\" content=\"1810\" \/>\n\t<meta property=\"og:image:height\" content=\"1826\" \/>\n\t<meta property=\"og:image:type\" content=\"image\/jpeg\" \/>\n<meta name=\"twitter:card\" content=\"summary_large_image\" \/>\n<meta name=\"twitter:label1\" content=\"Arvioitu lukuaika\" \/>\n\t<meta name=\"twitter:data1\" content=\"1 minuutti\" \/>\n<script type=\"application\/ld+json\" class=\"yoast-schema-graph\">{\"@context\":\"https:\\\/\\\/schema.org\",\"@graph\":[{\"@type\":\"WebPage\",\"@id\":\"https:\\\/\\\/suomenbrittifordkerho.net\\\/index.php\\\/tuote\\\/sbfk-parkkikiekko\\\/\",\"url\":\"https:\\\/\\\/suomenbrittifordkerho.net\\\/index.php\\\/tuote\\\/sbfk-parkkikiekko\\\/\",\"name\":\"SBFK Parkkikiekko - Suomen BrittiFord -Kerho\",\"isPartOf\":{\"@id\":\"https:\\\/\\\/suomenbrittifordkerho.net\\\/#website\"},\"primaryImageOfPage\":{\"@id\":\"https:\\\/\\\/suomenbrittifordkerho.net\\\/index.php\\\/tuote\\\/sbfk-parkkikiekko\\\/#primaryimage\"},\"image\":{\"@id\":\"https:\\\/\\\/suomenbrittifordkerho.net\\\/index.php\\\/tuote\\\/sbfk-parkkikiekko\\\/#primaryimage\"},\"thumbnailUrl\":\"https:\\\/\\\/suomenbrittifordkerho.net\\\/wp-content\\\/uploads\\\/2025\\\/02\\\/20250202_143200-scaled-e1738518548228.jpg\",\"datePublished\":\"2025-02-02T17:51:37+00:00\",\"dateModified\":\"2025-10-06T12:57:35+00:00\",\"breadcrumb\":{\"@id\":\"https:\\\/\\\/suomenbrittifordkerho.net\\\/index.php\\\/tuote\\\/sbfk-parkkikiekko\\\/#breadcrumb\"},\"inLanguage\":\"fi\",\"potentialAction\":[{\"@type\":\"ReadAction\",\"target\":[\"https:\\\/\\\/suomenbrittifordkerho.net\\\/index.php\\\/tuote\\\/sbfk-parkkikiekko\\\/\"]}]},{\"@type\":\"ImageObject\",\"inLanguage\":\"fi\",\"@id\":\"https:\\\/\\\/suomenbrittifordkerho.net\\\/index.php\\\/tuote\\\/sbfk-parkkikiekko\\\/#primaryimage\",\"url\":\"https:\\\/\\\/suomenbrittifordkerho.net\\\/wp-content\\\/uploads\\\/2025\\\/02\\\/20250202_143200-scaled-e1738518548228.jpg\",\"contentUrl\":\"https:\\\/\\\/suomenbrittifordkerho.net\\\/wp-content\\\/uploads\\\/2025\\\/02\\\/20250202_143200-scaled-e1738518548228.jpg\",\"width\":1810,\"height\":1826},{\"@type\":\"BreadcrumbList\",\"@id\":\"https:\\\/\\\/suomenbrittifordkerho.net\\\/index.php\\\/tuote\\\/sbfk-parkkikiekko\\\/#breadcrumb\",\"itemListElement\":[{\"@type\":\"ListItem\",\"position\":1,\"name\":\"Etusivu\",\"item\":\"https:\\\/\\\/suomenbrittifordkerho.net\\\/\"},{\"@type\":\"ListItem\",\"position\":2,\"name\":\"Kauppa\",\"item\":\"https:\\\/\\\/suomenbrittifordkerho.net\\\/index.php\\\/kauppa\\\/\"},{\"@type\":\"ListItem\",\"position\":3,\"name\":\"SBFK Parkkikiekko\"}]},{\"@type\":\"WebSite\",\"@id\":\"https:\\\/\\\/suomenbrittifordkerho.net\\\/#website\",\"url\":\"https:\\\/\\\/suomenbrittifordkerho.net\\\/\",\"name\":\"Suomen BrittiFord -Kerho\",\"description\":\"\",\"potentialAction\":[{\"@type\":\"SearchAction\",\"target\":{\"@type\":\"EntryPoint\",\"urlTemplate\":\"https:\\\/\\\/suomenbrittifordkerho.net\\\/?s={search_term_string}\"},\"query-input\":{\"@type\":\"PropertyValueSpecification\",\"valueRequired\":true,\"valueName\":\"search_term_string\"}}],\"inLanguage\":\"fi\"}]}<\/script>\n<!-- \/ Yoast SEO plugin. -->","yoast_head_json":{"title":"SBFK Parkkikiekko - Suomen BrittiFord -Kerho","robots":{"index":"index","follow":"follow","max-snippet":"max-snippet:-1","max-image-preview":"max-image-preview:large","max-video-preview":"max-video-preview:-1"},"canonical":"https:\/\/suomenbrittifordkerho.net\/index.php\/tuote\/sbfk-parkkikiekko\/","og_locale":"fi_FI","og_type":"article","og_title":"SBFK Parkkikiekko - Suomen BrittiFord -Kerho","og_description":"Tulosteuut parkkikiekko  SBFK logolla  13 cm halkaisija","og_url":"https:\/\/suomenbrittifordkerho.net\/index.php\/tuote\/sbfk-parkkikiekko\/","og_site_name":"Suomen BrittiFord -Kerho","article_modified_time":"2025-10-06T12:57:35+00:00","og_image":[{"width":1810,"height":1826,"url":"https:\/\/suomenbrittifordkerho.net\/wp-content\/uploads\/2025\/02\/20250202_143200-scaled-e1738518548228.jpg","type":"image\/jpeg"}],"twitter_card":"summary_large_image","twitter_misc":{"Arvioitu lukuaika":"1 minuutti"},"schema":{"@context":"https:\/\/schema.org","@graph":[{"@type":"WebPage","@id":"https:\/\/suomenbrittifordkerho.net\/index.php\/tuote\/sbfk-parkkikiekko\/","url":"https:\/\/suomenbrittifordkerho.net\/index.php\/tuote\/sbfk-parkkikiekko\/","name":"SBFK Parkkikiekko - Suomen BrittiFord -Kerho","isPartOf":{"@id":"https:\/\/suomenbrittifordkerho.net\/#website"},"primaryImageOfPage":{"@id":"https:\/\/suomenbrittifordkerho.net\/index.php\/tuote\/sbfk-parkkikiekko\/#primaryimage"},"image":{"@id":"https:\/\/suomenbrittifordkerho.net\/index.php\/tuote\/sbfk-parkkikiekko\/#primaryimage"},"thumbnailUrl":"https:\/\/suomenbrittifordkerho.net\/wp-content\/uploads\/2025\/02\/20250202_143200-scaled-e1738518548228.jpg","datePublished":"2025-02-02T17:51:37+00:00","dateModified":"2025-10-06T12:57:35+00:00","breadcrumb":{"@id":"https:\/\/suomenbrittifordkerho.net\/index.php\/tuote\/sbfk-parkkikiekko\/#breadcrumb"},"inLanguage":"fi","potentialAction":[{"@type":"ReadAction","target":["https:\/\/suomenbrittifordkerho.net\/index.php\/tuote\/sbfk-parkkikiekko\/"]}]},{"@type":"ImageObject","inLanguage":"fi","@id":"https:\/\/suomenbrittifordkerho.net\/index.php\/tuote\/sbfk-parkkikiekko\/#primaryimage","url":"https:\/\/suomenbrittifordkerho.net\/wp-content\/uploads\/2025\/02\/20250202_143200-scaled-e1738518548228.jpg","contentUrl":"https:\/\/suomenbrittifordkerho.net\/wp-content\/uploads\/2025\/02\/20250202_143200-scaled-e1738518548228.jpg","width":1810,"height":1826},{"@type":"BreadcrumbList","@id":"https:\/\/suomenbrittifordkerho.net\/index.php\/tuote\/sbfk-parkkikiekko\/#breadcrumb","itemListElement":[{"@type":"ListItem","position":1,"name":"Etusivu","item":"https:\/\/suomenbrittifordkerho.net\/"},{"@type":"ListItem","position":2,"name":"Kauppa","item":"https:\/\/suomenbrittifordkerho.net\/index.php\/kauppa\/"},{"@type":"ListItem","position":3,"name":"SBFK Parkkikiekko"}]},{"@type":"WebSite","@id":"https:\/\/suomenbrittifordkerho.net\/#website","url":"https:\/\/suomenbrittifordkerho.net\/","name":"Suomen BrittiFord -Kerho","description":"","potentialAction":[{"@type":"SearchAction","target":{"@type":"EntryPoint","urlTemplate":"https:\/\/suomenbrittifordkerho.net\/?s={search_term_string}"},"query-input":{"@type":"PropertyValueSpecification","valueRequired":true,"valueName":"search_term_string"}}],"inLanguage":"fi"}]}},"_links":{"self":[{"href":"https:\/\/suomenbrittifordkerho.net\/index.php\/wp-json\/wp\/v2\/product\/1137","targetHints":{"allow":["GET"]}}],"collection":[{"href":"https:\/\/suomenbrittifordkerho.net\/index.php\/wp-json\/wp\/v2\/product"}],"about":[{"href":"https:\/\/suomenbrittifordkerho.net\/index.php\/wp-json\/wp\/v2\/types\/product"}],"replies":[{"embeddable":true,"href":"https:\/\/suomenbrittifordkerho.net\/index.php\/wp-json\/wp\/v2\/comments?post=1137"}],"wp:featuredmedia":[{"embeddable":true,"href":"https:\/\/suomenbrittifordkerho.net\/index.php\/wp-json\/wp\/v2\/media\/1138"}],"wp:attachment":[{"href":"https:\/\/suomenbrittifordkerho.net\/index.php\/wp-json\/wp\/v2\/media?parent=1137"}],"wp:term":[{"taxonomy":"product_brand","embeddable":true,"href":"https:\/\/suomenbrittifordkerho.net\/index.php\/wp-json\/wp\/v2\/product_brand?post=1137"},{"taxonomy":"product_cat","embeddable":true,"href":"https:\/\/suomenbrittifordkerho.net\/index.php\/wp-json\/wp\/v2\/product_cat?post=1137"},{"taxonomy":"product_tag","embeddable":true,"href":"https:\/\/suomenbrittifordkerho.net\/index.php\/wp-json\/wp\/v2\/product_tag?post=1137"}],"curies":[{"name":"wp","href":"https:\/\/api.w.org\/{rel}","templated":true}]}}