{"id":48,"date":"2024-01-23T13:20:34","date_gmt":"2024-01-23T13:20:34","guid":{"rendered":"https:\/\/suomenbrittifordkerho.net\/?page_id=48"},"modified":"2024-07-03T13:49:41","modified_gmt":"2024-07-03T13:49:41","slug":"tapahtumat","status":"publish","type":"page","link":"https:\/\/suomenbrittifordkerho.net\/index.php\/tapahtumat\/","title":{"rendered":"Tapahtumat"},"content":{"rendered":"\t\t<div data-elementor-type=\"wp-page\" data-elementor-id=\"48\" class=\"elementor elementor-48\">\n\t\t\t\t<div class=\"elementor-element elementor-element-e40b490 e-flex e-con-boxed e-con e-parent\" data-id=\"e40b490\" data-element_type=\"container\" data-e-type=\"container\">\n\t\t\t\t\t<div class=\"e-con-inner\">\n\t\t\t\t<div class=\"elementor-element elementor-element-9c397d2 tpg-wrapper-align-center section-title-align-center title-alignment-center elementor-widget__width-inherit section-title-style-style1 title_position_default title_hover_border_default title-default tpg-el-box-border-enable tpg-border-bottom-disable elementor-widget elementor-widget-tpg-grid-layout\" data-id=\"9c397d2\" data-element_type=\"widget\" data-e-type=\"widget\" data-widget_type=\"tpg-grid-layout.default\">\n\t\t\t\t<div class=\"elementor-widget-container\">\n\t\t\t\t\t\t\t<div class=\"rt-container-fluid rt-tpg-container tpg-el-main-wrapper clearfix grid-layout1-main \"\n\t\t\t id=\"rt-tpg-container-344943798\"\n\t\t\t data-layout=\"grid-layout1\"\n\t\t\t data-grid-style=\"tpg-full-height\"\n\t\t\t data-sc-id=\"elementor\"\n\t\t\t data-el-settings=''\n\t\t\t data-el-query=''\n\t\t\t data-el-path=''\n\t\t>\n\t\t\t\t\t\t<div class='tpg-header-wrapper '>\n\t\t\t\t\n        <div class=\"tpg-widget-heading-wrapper rt-clear heading-style1 \">\n            <span class=\"tpg-widget-heading-line line-left\"><\/span>\n\t\t\t<h2 class='tpg-widget-heading'>\n\t\t\t\n\t\t\t\t<span class='prefix-text'><\/span>Tapahtumat<span class='suffix-text'><\/span>\n\t\t\t\t\t\t\t<\/h2>            <span class=\"tpg-widget-heading-line line-right\"><\/span>\n\n\t\t\t\n        <\/div>\n\n\t\t\n\t\t\t\t\t<\/div>\n\n\t\t\t<div data-title=\"Loading ...\" class=\"rt-row rt-content-loader grid-layout1 grid-behaviour tpg-full-height grid_layout_wrapper\">\n\t\t\t\t<div class=\"rt-col-md-4 rt-col-sm-6 rt-col-xs-12 default rt-grid-item post-1445 post type-post status-publish format-standard hentry category-tapahtumat\"        data-id=\"1445\">\n    <div class=\"rt-holder tpg-post-holder \">\n        <div class=\"rt-detail rt-el-content-wrapper\">\n\t\t\t\n\t\t\t<div class=\"entry-title-wrapper\"><h3 class=\"entry-title\"><a data-id=\"1445\" href=\"https:\/\/suomenbrittifordkerho.net\/index.php\/2025\/11\/02\/tapahtumapohja-copy-1416\/\" class=\"tpg-post-link\" target=\"_self\">CLASSIC MOTORSHOW<\/a><\/h3><\/div>\n\t\t\t\n\n\t\t\t                <div class=\"tpg-excerpt tpg-el-excerpt\">\n\t\t\t\t\t                        <div class=\"tpg-excerpt-inner\">\n\t\t\t\t\t\t\t<p>Tapahtuman teemana on \"ojasta allikkoon\". Kerhollamme osasto my\u00f6s t\u00e4n\u00e4 vuonna.<\/p>\n<p>\t\t\t<iframe src=\"https:\/\/maps.google.com\/maps?q=lahti%20urheilukeskus&#038;t=m&#038;z=14&#038;output=embed&#038;iwloc=near\"><\/iframe><\/p>\n<h2><a href=\"https:\/\/classicmotorshow.fi\/\">2-3.5.2026<\/a><\/h2>\n                        <\/div>\n\t\t\t\t\t\t\t\t\t\t                <\/div>\n\t\t\t\n\t\t\t        <\/div>\n    <\/div>\n<\/div>\n<div class=\"rt-col-md-4 rt-col-sm-6 rt-col-xs-12 default rt-grid-item post-1455 post type-post status-publish format-standard hentry category-tapahtumat\"        data-id=\"1455\">\n    <div class=\"rt-holder tpg-post-holder \">\n        <div class=\"rt-detail rt-el-content-wrapper\">\n\t\t\t\n\t\t\t<div class=\"entry-title-wrapper\"><h3 class=\"entry-title\"><a data-id=\"1455\" href=\"https:\/\/suomenbrittifordkerho.net\/index.php\/2025\/11\/02\/talvikokous\/\" class=\"tpg-post-link\" target=\"_self\">TALVIKOKOUS<\/a><\/h3><\/div>\n\t\t\t\n\n\t\t\t                <div class=\"tpg-excerpt tpg-el-excerpt\">\n\t\t\t\t\t                        <div class=\"tpg-excerpt-inner\">\n\t\t\t\t\t\t\t<p>Talvikokous on Riihivuorentie 283 Muuramessa.<\/p>\n<p>Y\u00f6pyminen 20\u20ac \/ hl\u00f6<\/p>\n<p>Ilmottautumiset Jyri.karhelammi (at) gmail.com<\/p>\n<p>\t\t\t<iframe src=\"https:\/\/maps.google.com\/maps?q=RIIHITULKKU&#038;t=m&#038;z=14&#038;output=embed&#038;iwloc=near\"><\/iframe><\/p>\n<h2><a href=\"https:\/\/www.dmvip.fi\/yhteys\/\">20-22.3.2026<br \/>\n<\/a><\/h2>\n                        <\/div>\n\t\t\t\t\t\t\t\t\t\t                <\/div>\n\t\t\t\n\t\t\t        <\/div>\n    <\/div>\n<\/div>\n\t\t\t<\/div>\n\t\t\t\n\t\t<\/div>\n\t\t\t\t\t\t<\/div>\n\t\t\t\t<\/div>\n\t\t\t\t\t<\/div>\n\t\t\t\t<\/div>\n\t\t\t\t<\/div>\n\t\t","protected":false},"excerpt":{"rendered":"<p>Tapahtumat FoMoCo-Day FoMoCo-Day 3.8.2024 Klo12-18 FoMoCo-day Facebook EuroFord Nordic 2024 FoMoCo-Day 3.8.2024 Klo12 EuroFord Nordic Facebook Forssan Pick-Nick Forssan Pick-Nick 4.8.2024 Pick-Nick.com Levoranta Classic Levoranta Classic 10.8. 2024 levoranta.fi Syyskokous Syyskokous 20-22.9.2024 Ilmoittautumiset Y\u00f6pyminen 10\u20ac Tarkempaa infoa tulee l\u00e4hemp\u00e4n\u00e4 kokousta<\/p>\n","protected":false},"author":1,"featured_media":0,"parent":0,"menu_order":0,"comment_status":"closed","ping_status":"closed","template":"","meta":{"_bbp_topic_count":0,"_bbp_reply_count":0,"_bbp_total_topic_count":0,"_bbp_total_reply_count":0,"_bbp_voice_count":0,"_bbp_anonymous_reply_count":0,"_bbp_topic_count_hidden":0,"_bbp_reply_count_hidden":0,"_bbp_forum_subforum_count":0,"footnotes":""},"class_list":["post-48","page","type-page","status-publish","hentry"],"yoast_head":"<!-- This site is optimized with the Yoast SEO plugin v27.4 - https:\/\/yoast.com\/product\/yoast-seo-wordpress\/ -->\n<title>Tapahtumat - Suomen BrittiFord -Kerho<\/title>\n<meta name=\"description\" content=\"Suomen Britti-Ford -kerho ry on 1989 perustettu yhdistys, jonka tarkoituksena on edist\u00e4\u00e4 kaikkien englantilaisten Fordien omistajien ja harrastajien toimintaa j\u00e4ljell\u00e4 olevien yksil\u00f6iden ajokuntoisena s\u00e4ilytt\u00e4miseksi, entis\u00f6imiseksi ja merkin yleisen tunnettavuuden ja arvostuksen lis\u00e4\u00e4miseksi.\" \/>\n<meta name=\"robots\" content=\"index, follow, max-snippet:-1, max-image-preview:large, max-video-preview:-1\" \/>\n<link rel=\"canonical\" href=\"https:\/\/suomenbrittifordkerho.net\/index.php\/tapahtumat\/\" \/>\n<meta property=\"og:locale\" content=\"fi_FI\" \/>\n<meta property=\"og:type\" content=\"article\" \/>\n<meta property=\"og:title\" content=\"Tapahtumat - Suomen BrittiFord -Kerho\" \/>\n<meta property=\"og:description\" content=\"Suomen Britti-Ford -kerho ry on 1989 perustettu yhdistys, jonka tarkoituksena on edist\u00e4\u00e4 kaikkien englantilaisten Fordien omistajien ja harrastajien toimintaa j\u00e4ljell\u00e4 olevien yksil\u00f6iden ajokuntoisena s\u00e4ilytt\u00e4miseksi, entis\u00f6imiseksi ja merkin yleisen tunnettavuuden ja arvostuksen lis\u00e4\u00e4miseksi.\" \/>\n<meta property=\"og:url\" content=\"https:\/\/suomenbrittifordkerho.net\/index.php\/tapahtumat\/\" \/>\n<meta property=\"og:site_name\" content=\"Suomen BrittiFord -Kerho\" \/>\n<meta property=\"article:modified_time\" content=\"2024-07-03T13:49:41+00:00\" \/>\n<meta name=\"twitter:card\" content=\"summary_large_image\" \/>\n<meta name=\"twitter:label1\" content=\"Arvioitu lukuaika\" \/>\n\t<meta name=\"twitter:data1\" content=\"1 minuutti\" \/>\n<script type=\"application\/ld+json\" class=\"yoast-schema-graph\">{\"@context\":\"https:\\\/\\\/schema.org\",\"@graph\":[{\"@type\":\"WebPage\",\"@id\":\"https:\\\/\\\/suomenbrittifordkerho.net\\\/index.php\\\/tapahtumat\\\/\",\"url\":\"https:\\\/\\\/suomenbrittifordkerho.net\\\/index.php\\\/tapahtumat\\\/\",\"name\":\"Tapahtumat - Suomen BrittiFord -Kerho\",\"isPartOf\":{\"@id\":\"https:\\\/\\\/suomenbrittifordkerho.net\\\/#website\"},\"datePublished\":\"2024-01-23T13:20:34+00:00\",\"dateModified\":\"2024-07-03T13:49:41+00:00\",\"description\":\"Suomen Britti-Ford -kerho ry on 1989 perustettu yhdistys, jonka tarkoituksena on edist\u00e4\u00e4 kaikkien englantilaisten Fordien omistajien ja harrastajien toimintaa j\u00e4ljell\u00e4 olevien yksil\u00f6iden ajokuntoisena s\u00e4ilytt\u00e4miseksi, entis\u00f6imiseksi ja merkin yleisen tunnettavuuden ja arvostuksen lis\u00e4\u00e4miseksi.\",\"breadcrumb\":{\"@id\":\"https:\\\/\\\/suomenbrittifordkerho.net\\\/index.php\\\/tapahtumat\\\/#breadcrumb\"},\"inLanguage\":\"fi\",\"potentialAction\":[{\"@type\":\"ReadAction\",\"target\":[\"https:\\\/\\\/suomenbrittifordkerho.net\\\/index.php\\\/tapahtumat\\\/\"]}]},{\"@type\":\"BreadcrumbList\",\"@id\":\"https:\\\/\\\/suomenbrittifordkerho.net\\\/index.php\\\/tapahtumat\\\/#breadcrumb\",\"itemListElement\":[{\"@type\":\"ListItem\",\"position\":1,\"name\":\"Etusivu\",\"item\":\"https:\\\/\\\/suomenbrittifordkerho.net\\\/\"},{\"@type\":\"ListItem\",\"position\":2,\"name\":\"Tapahtumat\"}]},{\"@type\":\"WebSite\",\"@id\":\"https:\\\/\\\/suomenbrittifordkerho.net\\\/#website\",\"url\":\"https:\\\/\\\/suomenbrittifordkerho.net\\\/\",\"name\":\"Suomen BrittiFord -Kerho\",\"description\":\"\",\"potentialAction\":[{\"@type\":\"SearchAction\",\"target\":{\"@type\":\"EntryPoint\",\"urlTemplate\":\"https:\\\/\\\/suomenbrittifordkerho.net\\\/?s={search_term_string}\"},\"query-input\":{\"@type\":\"PropertyValueSpecification\",\"valueRequired\":true,\"valueName\":\"search_term_string\"}}],\"inLanguage\":\"fi\"}]}<\/script>\n<!-- \/ Yoast SEO plugin. -->","yoast_head_json":{"title":"Tapahtumat - Suomen BrittiFord -Kerho","description":"Suomen Britti-Ford -kerho ry on 1989 perustettu yhdistys, jonka tarkoituksena on edist\u00e4\u00e4 kaikkien englantilaisten Fordien omistajien ja harrastajien toimintaa j\u00e4ljell\u00e4 olevien yksil\u00f6iden ajokuntoisena s\u00e4ilytt\u00e4miseksi, entis\u00f6imiseksi ja merkin yleisen tunnettavuuden ja arvostuksen lis\u00e4\u00e4miseksi.","robots":{"index":"index","follow":"follow","max-snippet":"max-snippet:-1","max-image-preview":"max-image-preview:large","max-video-preview":"max-video-preview:-1"},"canonical":"https:\/\/suomenbrittifordkerho.net\/index.php\/tapahtumat\/","og_locale":"fi_FI","og_type":"article","og_title":"Tapahtumat - Suomen BrittiFord -Kerho","og_description":"Suomen Britti-Ford -kerho ry on 1989 perustettu yhdistys, jonka tarkoituksena on edist\u00e4\u00e4 kaikkien englantilaisten Fordien omistajien ja harrastajien toimintaa j\u00e4ljell\u00e4 olevien yksil\u00f6iden ajokuntoisena s\u00e4ilytt\u00e4miseksi, entis\u00f6imiseksi ja merkin yleisen tunnettavuuden ja arvostuksen lis\u00e4\u00e4miseksi.","og_url":"https:\/\/suomenbrittifordkerho.net\/index.php\/tapahtumat\/","og_site_name":"Suomen BrittiFord -Kerho","article_modified_time":"2024-07-03T13:49:41+00:00","twitter_card":"summary_large_image","twitter_misc":{"Arvioitu lukuaika":"1 minuutti"},"schema":{"@context":"https:\/\/schema.org","@graph":[{"@type":"WebPage","@id":"https:\/\/suomenbrittifordkerho.net\/index.php\/tapahtumat\/","url":"https:\/\/suomenbrittifordkerho.net\/index.php\/tapahtumat\/","name":"Tapahtumat - Suomen BrittiFord -Kerho","isPartOf":{"@id":"https:\/\/suomenbrittifordkerho.net\/#website"},"datePublished":"2024-01-23T13:20:34+00:00","dateModified":"2024-07-03T13:49:41+00:00","description":"Suomen Britti-Ford -kerho ry on 1989 perustettu yhdistys, jonka tarkoituksena on edist\u00e4\u00e4 kaikkien englantilaisten Fordien omistajien ja harrastajien toimintaa j\u00e4ljell\u00e4 olevien yksil\u00f6iden ajokuntoisena s\u00e4ilytt\u00e4miseksi, entis\u00f6imiseksi ja merkin yleisen tunnettavuuden ja arvostuksen lis\u00e4\u00e4miseksi.","breadcrumb":{"@id":"https:\/\/suomenbrittifordkerho.net\/index.php\/tapahtumat\/#breadcrumb"},"inLanguage":"fi","potentialAction":[{"@type":"ReadAction","target":["https:\/\/suomenbrittifordkerho.net\/index.php\/tapahtumat\/"]}]},{"@type":"BreadcrumbList","@id":"https:\/\/suomenbrittifordkerho.net\/index.php\/tapahtumat\/#breadcrumb","itemListElement":[{"@type":"ListItem","position":1,"name":"Etusivu","item":"https:\/\/suomenbrittifordkerho.net\/"},{"@type":"ListItem","position":2,"name":"Tapahtumat"}]},{"@type":"WebSite","@id":"https:\/\/suomenbrittifordkerho.net\/#website","url":"https:\/\/suomenbrittifordkerho.net\/","name":"Suomen BrittiFord -Kerho","description":"","potentialAction":[{"@type":"SearchAction","target":{"@type":"EntryPoint","urlTemplate":"https:\/\/suomenbrittifordkerho.net\/?s={search_term_string}"},"query-input":{"@type":"PropertyValueSpecification","valueRequired":true,"valueName":"search_term_string"}}],"inLanguage":"fi"}]}},"rttpg_featured_image_url":null,"rttpg_author":{"display_name":"admin","author_link":"https:\/\/suomenbrittifordkerho.net\/index.php\/author\/heikkilehti_si692mby\/"},"rttpg_comment":0,"rttpg_category":"","rttpg_excerpt":"Tapahtumat FoMoCo-Day FoMoCo-Day 3.8.2024 Klo12-18 FoMoCo-day Facebook EuroFord Nordic 2024 FoMoCo-Day 3.8.2024 Klo12 EuroFord Nordic Facebook Forssan Pick-Nick Forssan Pick-Nick 4.8.2024 Pick-Nick.com Levoranta Classic Levoranta Classic 10.8. 2024 levoranta.fi Syyskokous Syyskokous 20-22.9.2024 Ilmoittautumiset Y\u00f6pyminen 10\u20ac Tarkempaa infoa tulee l\u00e4hemp\u00e4n\u00e4 kokousta","_links":{"self":[{"href":"https:\/\/suomenbrittifordkerho.net\/index.php\/wp-json\/wp\/v2\/pages\/48","targetHints":{"allow":["GET"]}}],"collection":[{"href":"https:\/\/suomenbrittifordkerho.net\/index.php\/wp-json\/wp\/v2\/pages"}],"about":[{"href":"https:\/\/suomenbrittifordkerho.net\/index.php\/wp-json\/wp\/v2\/types\/page"}],"author":[{"embeddable":true,"href":"https:\/\/suomenbrittifordkerho.net\/index.php\/wp-json\/wp\/v2\/users\/1"}],"replies":[{"embeddable":true,"href":"https:\/\/suomenbrittifordkerho.net\/index.php\/wp-json\/wp\/v2\/comments?post=48"}],"version-history":[{"count":69,"href":"https:\/\/suomenbrittifordkerho.net\/index.php\/wp-json\/wp\/v2\/pages\/48\/revisions"}],"predecessor-version":[{"id":1413,"href":"https:\/\/suomenbrittifordkerho.net\/index.php\/wp-json\/wp\/v2\/pages\/48\/revisions\/1413"}],"wp:attachment":[{"href":"https:\/\/suomenbrittifordkerho.net\/index.php\/wp-json\/wp\/v2\/media?parent=48"}],"curies":[{"name":"wp","href":"https:\/\/api.w.org\/{rel}","templated":true}]}}