{"id":33,"date":"2023-12-28T10:50:10","date_gmt":"2023-12-28T10:50:10","guid":{"rendered":"https:\/\/suomenbrittifordkerho.net\/?page_id=33"},"modified":"2025-11-02T10:23:28","modified_gmt":"2025-11-02T10:23:28","slug":"jasenhakemus","status":"publish","type":"page","link":"https:\/\/suomenbrittifordkerho.net\/index.php\/jasenhakemus\/","title":{"rendered":"J\u00e4senhakemus"},"content":{"rendered":"\t\t<div data-elementor-type=\"wp-page\" data-elementor-id=\"33\" class=\"elementor elementor-33\">\n\t\t\t\t<div class=\"elementor-element elementor-element-3b6a01ff e-flex e-con-boxed e-con e-parent\" data-id=\"3b6a01ff\" data-element_type=\"container\" data-e-type=\"container\">\n\t\t\t\t\t<div class=\"e-con-inner\">\n\t\t\t\t<div class=\"elementor-element elementor-element-bb1b221 elementor-widget elementor-widget-heading\" data-id=\"bb1b221\" data-element_type=\"widget\" data-e-type=\"widget\" data-widget_type=\"heading.default\">\n\t\t\t\t<div class=\"elementor-widget-container\">\n\t\t\t\t\t<h2 class=\"elementor-heading-title elementor-size-default\">J\u00e4senmaksu on 2026 alkaen 40\u20ac\/ vuosi ja se laskutetaan vuoden v\u00e4lein .<\/h2>\t\t\t\t<\/div>\n\t\t\t\t<\/div>\n\t\t\t\t<div class=\"elementor-element elementor-element-dcfb249 elementor-widget elementor-widget-heading\" data-id=\"dcfb249\" data-element_type=\"widget\" data-e-type=\"widget\" data-widget_type=\"heading.default\">\n\t\t\t\t<div class=\"elementor-widget-container\">\n\t\t\t\t\t<h2 class=\"elementor-heading-title elementor-size-default\">Mik\u00e4li tahdot laskun paperisena, l\u00e4hetysmaksu +5 \u20ac, mainitse se kaavakkeen lis\u00e4tietoja kohdassa.<\/h2>\t\t\t\t<\/div>\n\t\t\t\t<\/div>\n\t\t\t\t\t<\/div>\n\t\t\t\t<\/div>\n\t\t<div class=\"elementor-element elementor-element-5c03750 e-flex e-con-boxed e-con e-parent\" data-id=\"5c03750\" data-element_type=\"container\" data-e-type=\"container\">\n\t\t\t\t\t<div class=\"e-con-inner\">\n\t\t\t\t<div class=\"elementor-element elementor-element-7cc46c1 elementor-widget__width-initial xpro-form-btn--left elementor-widget elementor-widget-wpforms\" data-id=\"7cc46c1\" data-element_type=\"widget\" data-e-type=\"widget\" data-widget_type=\"wpforms.default\">\n\t\t\t\t<div class=\"elementor-widget-container\">\n\t\t\t\t\t<style id=\"wpforms-css-vars-27\">\n\t\t\t\t#wpforms-27 {\n\t\t\t\t--wpforms-container-padding: 0px;\n--wpforms-container-border-width: 1px;\n--wpforms-container-border-radius: 3px;\n--wpforms-background-color: rgba(0, 0, 0, 0);\n--wpforms-field-size-input-height: 43px;\n--wpforms-field-size-input-spacing: 15px;\n--wpforms-field-size-font-size: 16px;\n--wpforms-field-size-line-height: 19px;\n--wpforms-field-size-padding-h: 14px;\n--wpforms-field-size-checkbox-size: 16px;\n--wpforms-field-size-sublabel-spacing: 5px;\n--wpforms-field-size-icon-size: 1;\n--wpforms-label-size-font-size: 16px;\n--wpforms-label-size-line-height: 19px;\n--wpforms-label-size-sublabel-font-size: 14px;\n--wpforms-label-size-sublabel-line-height: 17px;\n--wpforms-button-size-font-size: 17px;\n--wpforms-button-size-height: 41px;\n--wpforms-button-size-padding-h: 15px;\n--wpforms-button-size-margin-top: 10px;\n--wpforms-container-shadow-size-box-shadow: none;\n\t\t\t}\n\t\t\t<\/style><div class=\"wpforms-container wpforms-container-full wpforms-render-modern\" id=\"wpforms-27\"><form id=\"wpforms-form-27\" class=\"wpforms-validate wpforms-form wpforms-ajax-form\" data-formid=\"27\" method=\"post\" enctype=\"multipart\/form-data\" action=\"\/index.php\/wp-json\/wp\/v2\/pages\/33\" data-token=\"7179d75c9160c24c96674b900a48c173\" data-token-time=\"1776792393\"><noscript class=\"wpforms-error-noscript\">Please enable JavaScript in your browser to complete this form.<\/noscript><div id=\"wpforms-error-noscript\" style=\"display: none;\">Please enable JavaScript in your browser to complete this form.<\/div><div class=\"wpforms-field-container\"><div id=\"wpforms-27-field_8-container\" class=\"wpforms-field wpforms-field-name\" data-field-id=\"8\"><fieldset><legend class=\"wpforms-field-label\">Nimi <span class=\"wpforms-required-label\" aria-hidden=\"true\">*<\/span><\/legend><div class=\"wpforms-field-row wpforms-field-medium\"><div class=\"wpforms-field-row-block wpforms-first wpforms-one-half\"><input type=\"text\" id=\"wpforms-27-field_8\" class=\"wpforms-field-name-first wpforms-field-required\" name=\"wpforms[fields][8][first]\" aria-errormessage=\"wpforms-27-field_8-error\" required><label for=\"wpforms-27-field_8\" class=\"wpforms-field-sublabel after\">First<\/label><\/div><div class=\"wpforms-field-row-block wpforms-one-half\"><input type=\"text\" id=\"wpforms-27-field_8-last\" class=\"wpforms-field-name-last wpforms-field-required\" name=\"wpforms[fields][8][last]\" aria-errormessage=\"wpforms-27-field_8-last-error\" required><label for=\"wpforms-27-field_8-last\" class=\"wpforms-field-sublabel after\">Last<\/label><\/div><\/div><\/fieldset><\/div><div id=\"wpforms-27-field_18-container\" class=\"wpforms-field wpforms-field-number\" data-field-id=\"18\"><label class=\"wpforms-field-label\" for=\"wpforms-27-field_18\">Puhelinnumero <span class=\"wpforms-required-label\" aria-hidden=\"true\">*<\/span><\/label><input type=\"number\" id=\"wpforms-27-field_18\" class=\"wpforms-field-medium wpforms-field-required\" name=\"wpforms[fields][18]\" step=\"any\" aria-errormessage=\"wpforms-27-field_18-error\" required><\/div><div id=\"wpforms-27-field_7-container\" class=\"wpforms-field wpforms-field-email\" data-field-id=\"7\"><label class=\"wpforms-field-label\" for=\"wpforms-27-field_7\">Email <span class=\"wpforms-required-label\" aria-hidden=\"true\">*<\/span><\/label><input type=\"email\" id=\"wpforms-27-field_7\" class=\"wpforms-field-medium wpforms-field-required\" name=\"wpforms[fields][7]\" spellcheck=\"false\" aria-errormessage=\"wpforms-27-field_7-error\" required><\/div><div id=\"wpforms-27-field_14-container\" class=\"wpforms-field wpforms-field-text\" data-field-id=\"14\"><label class=\"wpforms-field-label\" for=\"wpforms-27-field_14\">Osoite <span class=\"wpforms-required-label\" aria-hidden=\"true\">*<\/span><\/label><input type=\"text\" id=\"wpforms-27-field_14\" class=\"wpforms-field-medium wpforms-field-required\" name=\"wpforms[fields][14]\" aria-errormessage=\"wpforms-27-field_14-error\" required><\/div><div id=\"wpforms-27-field_15-container\" class=\"wpforms-field wpforms-field-text\" data-field-id=\"15\"><label class=\"wpforms-field-label\" for=\"wpforms-27-field_15\">Postinumero <span class=\"wpforms-required-label\" aria-hidden=\"true\">*<\/span><\/label><input type=\"text\" id=\"wpforms-27-field_15\" class=\"wpforms-field-medium wpforms-field-required\" name=\"wpforms[fields][15]\" aria-errormessage=\"wpforms-27-field_15-error\" required><\/div><div id=\"wpforms-27-field_16-container\" class=\"wpforms-field wpforms-field-text\" data-field-id=\"16\"><label class=\"wpforms-field-label\" for=\"wpforms-27-field_16\">Postitoimipaikka <span class=\"wpforms-required-label\" aria-hidden=\"true\">*<\/span><\/label><input type=\"text\" id=\"wpforms-27-field_16\" class=\"wpforms-field-medium wpforms-field-required\" name=\"wpforms[fields][16]\" aria-errormessage=\"wpforms-27-field_16-error\" required><\/div><div id=\"wpforms-27-field_22-container\" class=\"wpforms-field wpforms-field-radio\" data-field-id=\"22\"><fieldset><legend class=\"wpforms-field-label\">Onko sinulla britti-Fordia t\u00e4ll\u00e4 hetkell\u00e4?<\/legend><ul id=\"wpforms-27-field_22\"><li class=\"choice-1 depth-1\"><input type=\"radio\" id=\"wpforms-27-field_22_1\" name=\"wpforms[fields][22]\" value=\"Kyll\u00e4\" aria-errormessage=\"wpforms-27-field_22_1-error\"  ><label class=\"wpforms-field-label-inline\" for=\"wpforms-27-field_22_1\">Kyll\u00e4<\/label><\/li><li class=\"choice-2 depth-1\"><input type=\"radio\" id=\"wpforms-27-field_22_2\" name=\"wpforms[fields][22]\" value=\"Ei\" aria-errormessage=\"wpforms-27-field_22_2-error\"  ><label class=\"wpforms-field-label-inline\" for=\"wpforms-27-field_22_2\">Ei<\/label><\/li><\/ul><\/fieldset><\/div><div id=\"wpforms-27-field_3-container\" class=\"wpforms-field wpforms-field-text\" data-field-id=\"3\"><label class=\"wpforms-field-label\" for=\"wpforms-27-field_3\">Auton malli<\/label><input type=\"text\" id=\"wpforms-27-field_3\" class=\"wpforms-field-medium\" name=\"wpforms[fields][3]\" aria-errormessage=\"wpforms-27-field_3-error\" ><\/div><div id=\"wpforms-27-field_1-container\" class=\"wpforms-field wpforms-field-number\" data-field-id=\"1\"><label class=\"wpforms-field-label\" for=\"wpforms-27-field_1\">Auton vuosimalli<\/label><input type=\"number\" id=\"wpforms-27-field_1\" class=\"wpforms-field-medium\" name=\"wpforms[fields][1]\" step=\"any\" aria-errormessage=\"wpforms-27-field_1-error\" ><\/div><div id=\"wpforms-27-field_4-container\" class=\"wpforms-field wpforms-field-text\" data-field-id=\"4\"><label class=\"wpforms-field-label\" for=\"wpforms-27-field_4\">Rekisterinumero<\/label><input type=\"text\" id=\"wpforms-27-field_4\" class=\"wpforms-field-medium\" name=\"wpforms[fields][4]\" aria-errormessage=\"wpforms-27-field_4-error\" ><\/div><div id=\"wpforms-27-field_13-container\" class=\"wpforms-field wpforms-field-textarea\" data-field-id=\"13\"><label class=\"wpforms-field-label\" for=\"wpforms-27-field_13\">Lis\u00e4tietoja<\/label><textarea id=\"wpforms-27-field_13\" class=\"wpforms-field-medium\" name=\"wpforms[fields][13]\" aria-errormessage=\"wpforms-27-field_13-error\" ><\/textarea><\/div><div id=\"wpforms-27-field_17-container\" class=\"wpforms-field wpforms-field-select wpforms-field-select-style-modern\" data-field-id=\"17\"><label class=\"wpforms-field-label\" for=\"wpforms-27-field_17\">Saako osoitetietojasi julkaista j\u00e4senille jaettavissa lehdiss\u00e4? <span class=\"wpforms-required-label\" aria-hidden=\"true\">*<\/span><\/label><select id=\"wpforms-27-field_17\" class=\"wpforms-field-medium wpforms-field-required choicesjs-select\" data-size-class=\"wpforms-field-row wpforms-field-medium\" data-search-enabled=\"\" name=\"wpforms[fields][17]\" required=\"required\"><option value=\"\" class=\"placeholder\" disabled  selected='selected'><\/option><option value=\"Osoitetietoni saa julkaista j\u00e4senille jaettavissa lehdiss\u00e4\"  class=\"choice-1 depth-1\"  >Osoitetietoni saa julkaista j\u00e4senille jaettavissa lehdiss\u00e4<\/option><option value=\"Osoitetietojani ei saa julkaista j\u00e4senille jaettavissa lehdiss\u00e4\"  class=\"choice-2 depth-1\"  >Osoitetietojani ei saa julkaista j\u00e4senille jaettavissa lehdiss\u00e4<\/option><\/select><\/div><div id=\"wpforms-27-field_21-container\" class=\"wpforms-field wpforms-field-radio\" data-field-id=\"21\"><fieldset><legend class=\"wpforms-field-label\">Haluatko saada s\u00e4hk\u00f6posti tiedotteita kerholta? <span class=\"wpforms-required-label\" aria-hidden=\"true\">*<\/span><\/legend><ul id=\"wpforms-27-field_21\" class=\"wpforms-field-required\"><li class=\"choice-1 depth-1\"><input type=\"radio\" id=\"wpforms-27-field_21_1\" name=\"wpforms[fields][21]\" value=\"Kyll\u00e4\" aria-errormessage=\"wpforms-27-field_21_1-error\" required ><label class=\"wpforms-field-label-inline\" for=\"wpforms-27-field_21_1\">Kyll\u00e4<\/label><\/li><li class=\"choice-2 depth-1\"><input type=\"radio\" id=\"wpforms-27-field_21_2\" name=\"wpforms[fields][21]\" value=\"Ei\" aria-errormessage=\"wpforms-27-field_21_2-error\" required ><label class=\"wpforms-field-label-inline\" for=\"wpforms-27-field_21_2\">Ei<\/label><\/li><\/ul><\/fieldset><\/div><div id=\"wpforms-27-field_23-container\" class=\"wpforms-field wpforms-field-radio\" data-field-id=\"23\"><fieldset><legend class=\"wpforms-field-label\">Haluan laskun paperisena (+5.00\u20ac) <span class=\"wpforms-required-label\" aria-hidden=\"true\">*<\/span><\/legend><ul id=\"wpforms-27-field_23\" class=\"wpforms-field-required\"><li class=\"choice-1 depth-1\"><input type=\"radio\" id=\"wpforms-27-field_23_1\" name=\"wpforms[fields][23]\" value=\"Kyll\u00e4\" aria-errormessage=\"wpforms-27-field_23_1-error\" required ><label class=\"wpforms-field-label-inline\" for=\"wpforms-27-field_23_1\">Kyll\u00e4<\/label><\/li><li class=\"choice-2 depth-1\"><input type=\"radio\" id=\"wpforms-27-field_23_2\" name=\"wpforms[fields][23]\" value=\"En\" aria-errormessage=\"wpforms-27-field_23_2-error\" required ><label class=\"wpforms-field-label-inline\" for=\"wpforms-27-field_23_2\">En<\/label><\/li><\/ul><\/fieldset><\/div><div id=\"wpforms-27-field_24-container\" class=\"wpforms-field wpforms-field-radio\" data-field-id=\"24\"><fieldset><legend class=\"wpforms-field-label\">Haluan j\u00e4senmaksun <span class=\"wpforms-required-label\" aria-hidden=\"true\">*<\/span><\/legend><ul id=\"wpforms-27-field_24\" class=\"wpforms-field-required\"><li class=\"choice-1 depth-1\"><input type=\"radio\" id=\"wpforms-27-field_24_1\" name=\"wpforms[fields][24]\" value=\"1 vuoden v\u00e4lein. (suositus)\" aria-errormessage=\"wpforms-27-field_24_1-error\" required ><label class=\"wpforms-field-label-inline\" for=\"wpforms-27-field_24_1\">1 vuoden v\u00e4lein. (suositus)<\/label><\/li><li class=\"choice-2 depth-1\"><input type=\"radio\" id=\"wpforms-27-field_24_2\" name=\"wpforms[fields][24]\" value=\"2 vuoden v\u00e4lein\" aria-errormessage=\"wpforms-27-field_24_2-error\" required ><label class=\"wpforms-field-label-inline\" for=\"wpforms-27-field_24_2\">2 vuoden v\u00e4lein<\/label><\/li><\/ul><\/fieldset><\/div><\/div><!-- .wpforms-field-container --><div class=\"wpforms-submit-container\" ><input type=\"hidden\" name=\"wpforms[id]\" value=\"27\"><input type=\"hidden\" name=\"page_title\" value=\"\"><input type=\"hidden\" name=\"page_url\" value=\"https:\/\/suomenbrittifordkerho.net\/index.php\/wp-json\/wp\/v2\/pages\/33\"><input type=\"hidden\" name=\"url_referer\" value=\"\"><button type=\"submit\" name=\"wpforms[submit]\" id=\"wpforms-submit-27\" class=\"wpforms-submit\" data-alt-text=\"Sending...\" data-submit-text=\"Submit\" aria-live=\"assertive\" value=\"wpforms-submit\">Submit<\/button><img decoding=\"async\" src=\"https:\/\/suomenbrittifordkerho.net\/wp-content\/plugins\/wpforms-lite\/assets\/images\/submit-spin.svg\" class=\"wpforms-submit-spinner\" style=\"display: none;\" width=\"26\" height=\"26\" alt=\"Loading\"><\/div><\/form><\/div>  <!-- .wpforms-container -->\t\t\t\t<\/div>\n\t\t\t\t<\/div>\n\t\t\t\t\t<\/div>\n\t\t\t\t<\/div>\n\t\t\t\t<\/div>\n\t\t","protected":false},"excerpt":{"rendered":"<p>J\u00e4senmaksu on 2026 alkaen 40\u20ac\/ vuosi ja se laskutetaan vuoden v\u00e4lein . Mik\u00e4li tahdot laskun paperisena, l\u00e4hetysmaksu +5 \u20ac, mainitse se kaavakkeen lis\u00e4tietoja kohdassa.<\/p>\n","protected":false},"author":1,"featured_media":0,"parent":0,"menu_order":0,"comment_status":"closed","ping_status":"closed","template":"","meta":{"_bbp_topic_count":0,"_bbp_reply_count":0,"_bbp_total_topic_count":0,"_bbp_total_reply_count":0,"_bbp_voice_count":0,"_bbp_anonymous_reply_count":0,"_bbp_topic_count_hidden":0,"_bbp_reply_count_hidden":0,"_bbp_forum_subforum_count":0,"footnotes":""},"class_list":["post-33","page","type-page","status-publish","hentry"],"yoast_head":"<!-- This site is optimized with the Yoast SEO plugin v27.4 - https:\/\/yoast.com\/product\/yoast-seo-wordpress\/ -->\n<title>J\u00e4senhakemus - Suomen BrittiFord -Kerho<\/title>\n<meta name=\"robots\" content=\"index, follow, max-snippet:-1, max-image-preview:large, max-video-preview:-1\" \/>\n<link rel=\"canonical\" href=\"https:\/\/suomenbrittifordkerho.net\/index.php\/jasenhakemus\/\" \/>\n<meta property=\"og:locale\" content=\"fi_FI\" \/>\n<meta property=\"og:type\" content=\"article\" \/>\n<meta property=\"og:title\" content=\"J\u00e4senhakemus - Suomen BrittiFord -Kerho\" \/>\n<meta property=\"og:description\" content=\"J\u00e4senmaksu on 2026 alkaen 40\u20ac\/ vuosi ja se laskutetaan vuoden v\u00e4lein . Mik\u00e4li tahdot laskun paperisena, l\u00e4hetysmaksu +5 \u20ac, mainitse se kaavakkeen lis\u00e4tietoja kohdassa.\" \/>\n<meta property=\"og:url\" content=\"https:\/\/suomenbrittifordkerho.net\/index.php\/jasenhakemus\/\" \/>\n<meta property=\"og:site_name\" content=\"Suomen BrittiFord -Kerho\" \/>\n<meta property=\"article:modified_time\" content=\"2025-11-02T10:23:28+00:00\" \/>\n<meta name=\"twitter:card\" content=\"summary_large_image\" \/>\n<meta name=\"twitter:label1\" content=\"Arvioitu lukuaika\" \/>\n\t<meta name=\"twitter:data1\" content=\"1 minuutti\" \/>\n<script type=\"application\/ld+json\" class=\"yoast-schema-graph\">{\"@context\":\"https:\\\/\\\/schema.org\",\"@graph\":[{\"@type\":\"WebPage\",\"@id\":\"https:\\\/\\\/suomenbrittifordkerho.net\\\/index.php\\\/jasenhakemus\\\/\",\"url\":\"https:\\\/\\\/suomenbrittifordkerho.net\\\/index.php\\\/jasenhakemus\\\/\",\"name\":\"J\u00e4senhakemus - Suomen BrittiFord -Kerho\",\"isPartOf\":{\"@id\":\"https:\\\/\\\/suomenbrittifordkerho.net\\\/#website\"},\"datePublished\":\"2023-12-28T10:50:10+00:00\",\"dateModified\":\"2025-11-02T10:23:28+00:00\",\"breadcrumb\":{\"@id\":\"https:\\\/\\\/suomenbrittifordkerho.net\\\/index.php\\\/jasenhakemus\\\/#breadcrumb\"},\"inLanguage\":\"fi\",\"potentialAction\":[{\"@type\":\"ReadAction\",\"target\":[\"https:\\\/\\\/suomenbrittifordkerho.net\\\/index.php\\\/jasenhakemus\\\/\"]}]},{\"@type\":\"BreadcrumbList\",\"@id\":\"https:\\\/\\\/suomenbrittifordkerho.net\\\/index.php\\\/jasenhakemus\\\/#breadcrumb\",\"itemListElement\":[{\"@type\":\"ListItem\",\"position\":1,\"name\":\"Etusivu\",\"item\":\"https:\\\/\\\/suomenbrittifordkerho.net\\\/\"},{\"@type\":\"ListItem\",\"position\":2,\"name\":\"J\u00e4senhakemus\"}]},{\"@type\":\"WebSite\",\"@id\":\"https:\\\/\\\/suomenbrittifordkerho.net\\\/#website\",\"url\":\"https:\\\/\\\/suomenbrittifordkerho.net\\\/\",\"name\":\"Suomen BrittiFord -Kerho\",\"description\":\"\",\"potentialAction\":[{\"@type\":\"SearchAction\",\"target\":{\"@type\":\"EntryPoint\",\"urlTemplate\":\"https:\\\/\\\/suomenbrittifordkerho.net\\\/?s={search_term_string}\"},\"query-input\":{\"@type\":\"PropertyValueSpecification\",\"valueRequired\":true,\"valueName\":\"search_term_string\"}}],\"inLanguage\":\"fi\"}]}<\/script>\n<!-- \/ Yoast SEO plugin. -->","yoast_head_json":{"title":"J\u00e4senhakemus - Suomen BrittiFord -Kerho","robots":{"index":"index","follow":"follow","max-snippet":"max-snippet:-1","max-image-preview":"max-image-preview:large","max-video-preview":"max-video-preview:-1"},"canonical":"https:\/\/suomenbrittifordkerho.net\/index.php\/jasenhakemus\/","og_locale":"fi_FI","og_type":"article","og_title":"J\u00e4senhakemus - Suomen BrittiFord -Kerho","og_description":"J\u00e4senmaksu on 2026 alkaen 40\u20ac\/ vuosi ja se laskutetaan vuoden v\u00e4lein . Mik\u00e4li tahdot laskun paperisena, l\u00e4hetysmaksu +5 \u20ac, mainitse se kaavakkeen lis\u00e4tietoja kohdassa.","og_url":"https:\/\/suomenbrittifordkerho.net\/index.php\/jasenhakemus\/","og_site_name":"Suomen BrittiFord -Kerho","article_modified_time":"2025-11-02T10:23:28+00:00","twitter_card":"summary_large_image","twitter_misc":{"Arvioitu lukuaika":"1 minuutti"},"schema":{"@context":"https:\/\/schema.org","@graph":[{"@type":"WebPage","@id":"https:\/\/suomenbrittifordkerho.net\/index.php\/jasenhakemus\/","url":"https:\/\/suomenbrittifordkerho.net\/index.php\/jasenhakemus\/","name":"J\u00e4senhakemus - Suomen BrittiFord -Kerho","isPartOf":{"@id":"https:\/\/suomenbrittifordkerho.net\/#website"},"datePublished":"2023-12-28T10:50:10+00:00","dateModified":"2025-11-02T10:23:28+00:00","breadcrumb":{"@id":"https:\/\/suomenbrittifordkerho.net\/index.php\/jasenhakemus\/#breadcrumb"},"inLanguage":"fi","potentialAction":[{"@type":"ReadAction","target":["https:\/\/suomenbrittifordkerho.net\/index.php\/jasenhakemus\/"]}]},{"@type":"BreadcrumbList","@id":"https:\/\/suomenbrittifordkerho.net\/index.php\/jasenhakemus\/#breadcrumb","itemListElement":[{"@type":"ListItem","position":1,"name":"Etusivu","item":"https:\/\/suomenbrittifordkerho.net\/"},{"@type":"ListItem","position":2,"name":"J\u00e4senhakemus"}]},{"@type":"WebSite","@id":"https:\/\/suomenbrittifordkerho.net\/#website","url":"https:\/\/suomenbrittifordkerho.net\/","name":"Suomen BrittiFord -Kerho","description":"","potentialAction":[{"@type":"SearchAction","target":{"@type":"EntryPoint","urlTemplate":"https:\/\/suomenbrittifordkerho.net\/?s={search_term_string}"},"query-input":{"@type":"PropertyValueSpecification","valueRequired":true,"valueName":"search_term_string"}}],"inLanguage":"fi"}]}},"rttpg_featured_image_url":null,"rttpg_author":{"display_name":"admin","author_link":"https:\/\/suomenbrittifordkerho.net\/index.php\/author\/heikkilehti_si692mby\/"},"rttpg_comment":0,"rttpg_category":null,"rttpg_excerpt":"J\u00e4senmaksu on 2026 alkaen 40\u20ac\/ vuosi ja se laskutetaan vuoden v\u00e4lein . Mik\u00e4li tahdot laskun paperisena, l\u00e4hetysmaksu +5 \u20ac, mainitse se kaavakkeen lis\u00e4tietoja kohdassa.","_links":{"self":[{"href":"https:\/\/suomenbrittifordkerho.net\/index.php\/wp-json\/wp\/v2\/pages\/33","targetHints":{"allow":["GET"]}}],"collection":[{"href":"https:\/\/suomenbrittifordkerho.net\/index.php\/wp-json\/wp\/v2\/pages"}],"about":[{"href":"https:\/\/suomenbrittifordkerho.net\/index.php\/wp-json\/wp\/v2\/types\/page"}],"author":[{"embeddable":true,"href":"https:\/\/suomenbrittifordkerho.net\/index.php\/wp-json\/wp\/v2\/users\/1"}],"replies":[{"embeddable":true,"href":"https:\/\/suomenbrittifordkerho.net\/index.php\/wp-json\/wp\/v2\/comments?post=33"}],"version-history":[{"count":27,"href":"https:\/\/suomenbrittifordkerho.net\/index.php\/wp-json\/wp\/v2\/pages\/33\/revisions"}],"predecessor-version":[{"id":1437,"href":"https:\/\/suomenbrittifordkerho.net\/index.php\/wp-json\/wp\/v2\/pages\/33\/revisions\/1437"}],"wp:attachment":[{"href":"https:\/\/suomenbrittifordkerho.net\/index.php\/wp-json\/wp\/v2\/media?parent=33"}],"curies":[{"name":"wp","href":"https:\/\/api.w.org\/{rel}","templated":true}]}}