{"id":269,"date":"2024-03-25T16:09:02","date_gmt":"2024-03-25T16:09:02","guid":{"rendered":"https:\/\/suomenbrittifordkerho.net\/?page_id=269"},"modified":"2024-03-25T16:09:02","modified_gmt":"2024-03-25T16:09:02","slug":"kirjaudu-sisaan","status":"publish","type":"page","link":"https:\/\/suomenbrittifordkerho.net\/index.php\/kirjaudu-sisaan\/","title":{"rendered":"Kirjaudu sis\u00e4\u00e4n"},"content":{"rendered":"\n<form method=\"post\" action=\"https:\/\/suomenbrittifordkerho.net\/wp-login.php\" class=\"bbp-login-form\">\n\t<fieldset class=\"bbp-form\">\n\t\t<legend>Kirjaudu<\/legend>\n\n\t\t<div class=\"bbp-username\">\n\t\t\t<label for=\"user_login\">K\u00e4ytt\u00e4j\u00e4nimi: <\/label>\n\t\t\t<input type=\"text\" name=\"log\" value=\"\" size=\"20\" maxlength=\"100\" id=\"user_login\" autocomplete=\"off\" \/>\n\t\t<\/div>\n\n\t\t<div class=\"bbp-password\">\n\t\t\t<label for=\"user_pass\">Salasana: <\/label>\n\t\t\t<input type=\"password\" name=\"pwd\" value=\"\" size=\"20\" id=\"user_pass\" autocomplete=\"off\" \/>\n\t\t<\/div>\n\n\t\t<div class=\"bbp-remember-me\">\n\t\t\t<input type=\"checkbox\" name=\"rememberme\" value=\"forever\"  id=\"rememberme\" \/>\n\t\t\t<label for=\"rememberme\">Pid\u00e4 minut sis\u00e4\u00e4nkirjautuneena<\/label>\n\t\t<\/div>\n\n\t\t\n\t\t<div class=\"bbp-submit-wrapper\">\n\n\t\t\t<button type=\"submit\" name=\"user-submit\" id=\"user-submit\" class=\"button submit user-submit\">Kirjaudu<\/button>\n\n\t\t\t\n\t<input type=\"hidden\" name=\"user-cookie\" value=\"1\" \/>\n\n\t<input type=\"hidden\" id=\"bbp_redirect_to\" name=\"redirect_to\" value=\"https:\/\/suomenbrittifordkerho.net\/index.php\/wp-json\/wp\/v2\/pages\/269\" \/><input type=\"hidden\" id=\"_wpnonce\" name=\"_wpnonce\" value=\"55166ff58a\" \/><input type=\"hidden\" name=\"_wp_http_referer\" value=\"\/index.php\/wp-json\/wp\/v2\/pages\/269\" \/>\n\t\t<\/div>\n\t<\/fieldset>\n<\/form>\n\n","protected":false},"excerpt":{"rendered":"","protected":false},"author":2,"featured_media":0,"parent":0,"menu_order":0,"comment_status":"closed","ping_status":"closed","template":"","meta":{"_bbp_topic_count":0,"_bbp_reply_count":0,"_bbp_total_topic_count":0,"_bbp_total_reply_count":0,"_bbp_voice_count":0,"_bbp_anonymous_reply_count":0,"_bbp_topic_count_hidden":0,"_bbp_reply_count_hidden":0,"_bbp_forum_subforum_count":0,"footnotes":""},"class_list":["post-269","page","type-page","status-publish","hentry"],"yoast_head":"<!-- This site is optimized with the Yoast SEO plugin v27.4 - https:\/\/yoast.com\/product\/yoast-seo-wordpress\/ -->\n<title>Kirjaudu sis\u00e4\u00e4n - Suomen BrittiFord -Kerho<\/title>\n<meta name=\"robots\" content=\"index, follow, max-snippet:-1, max-image-preview:large, max-video-preview:-1\" \/>\n<link rel=\"canonical\" href=\"https:\/\/suomenbrittifordkerho.net\/index.php\/kirjaudu-sisaan\/\" \/>\n<meta property=\"og:locale\" content=\"fi_FI\" \/>\n<meta property=\"og:type\" content=\"article\" \/>\n<meta property=\"og:title\" content=\"Kirjaudu sis\u00e4\u00e4n - Suomen BrittiFord -Kerho\" \/>\n<meta property=\"og:url\" content=\"https:\/\/suomenbrittifordkerho.net\/index.php\/kirjaudu-sisaan\/\" \/>\n<meta property=\"og:site_name\" content=\"Suomen BrittiFord -Kerho\" \/>\n<meta name=\"twitter:card\" content=\"summary_large_image\" \/>\n<meta name=\"twitter:label1\" content=\"Arvioitu lukuaika\" \/>\n\t<meta name=\"twitter:data1\" content=\"1 minuutti\" \/>\n<script type=\"application\/ld+json\" class=\"yoast-schema-graph\">{\"@context\":\"https:\\\/\\\/schema.org\",\"@graph\":[{\"@type\":\"WebPage\",\"@id\":\"https:\\\/\\\/suomenbrittifordkerho.net\\\/index.php\\\/kirjaudu-sisaan\\\/\",\"url\":\"https:\\\/\\\/suomenbrittifordkerho.net\\\/index.php\\\/kirjaudu-sisaan\\\/\",\"name\":\"Kirjaudu sis\u00e4\u00e4n - Suomen BrittiFord -Kerho\",\"isPartOf\":{\"@id\":\"https:\\\/\\\/suomenbrittifordkerho.net\\\/#website\"},\"datePublished\":\"2024-03-25T16:09:02+00:00\",\"breadcrumb\":{\"@id\":\"https:\\\/\\\/suomenbrittifordkerho.net\\\/index.php\\\/kirjaudu-sisaan\\\/#breadcrumb\"},\"inLanguage\":\"fi\",\"potentialAction\":[{\"@type\":\"ReadAction\",\"target\":[\"https:\\\/\\\/suomenbrittifordkerho.net\\\/index.php\\\/kirjaudu-sisaan\\\/\"]}]},{\"@type\":\"BreadcrumbList\",\"@id\":\"https:\\\/\\\/suomenbrittifordkerho.net\\\/index.php\\\/kirjaudu-sisaan\\\/#breadcrumb\",\"itemListElement\":[{\"@type\":\"ListItem\",\"position\":1,\"name\":\"Etusivu\",\"item\":\"https:\\\/\\\/suomenbrittifordkerho.net\\\/\"},{\"@type\":\"ListItem\",\"position\":2,\"name\":\"Kirjaudu sis\u00e4\u00e4n\"}]},{\"@type\":\"WebSite\",\"@id\":\"https:\\\/\\\/suomenbrittifordkerho.net\\\/#website\",\"url\":\"https:\\\/\\\/suomenbrittifordkerho.net\\\/\",\"name\":\"Suomen BrittiFord -Kerho\",\"description\":\"\",\"potentialAction\":[{\"@type\":\"SearchAction\",\"target\":{\"@type\":\"EntryPoint\",\"urlTemplate\":\"https:\\\/\\\/suomenbrittifordkerho.net\\\/?s={search_term_string}\"},\"query-input\":{\"@type\":\"PropertyValueSpecification\",\"valueRequired\":true,\"valueName\":\"search_term_string\"}}],\"inLanguage\":\"fi\"}]}<\/script>\n<!-- \/ Yoast SEO plugin. -->","yoast_head_json":{"title":"Kirjaudu sis\u00e4\u00e4n - Suomen BrittiFord -Kerho","robots":{"index":"index","follow":"follow","max-snippet":"max-snippet:-1","max-image-preview":"max-image-preview:large","max-video-preview":"max-video-preview:-1"},"canonical":"https:\/\/suomenbrittifordkerho.net\/index.php\/kirjaudu-sisaan\/","og_locale":"fi_FI","og_type":"article","og_title":"Kirjaudu sis\u00e4\u00e4n - Suomen BrittiFord -Kerho","og_url":"https:\/\/suomenbrittifordkerho.net\/index.php\/kirjaudu-sisaan\/","og_site_name":"Suomen BrittiFord -Kerho","twitter_card":"summary_large_image","twitter_misc":{"Arvioitu lukuaika":"1 minuutti"},"schema":{"@context":"https:\/\/schema.org","@graph":[{"@type":"WebPage","@id":"https:\/\/suomenbrittifordkerho.net\/index.php\/kirjaudu-sisaan\/","url":"https:\/\/suomenbrittifordkerho.net\/index.php\/kirjaudu-sisaan\/","name":"Kirjaudu sis\u00e4\u00e4n - Suomen BrittiFord -Kerho","isPartOf":{"@id":"https:\/\/suomenbrittifordkerho.net\/#website"},"datePublished":"2024-03-25T16:09:02+00:00","breadcrumb":{"@id":"https:\/\/suomenbrittifordkerho.net\/index.php\/kirjaudu-sisaan\/#breadcrumb"},"inLanguage":"fi","potentialAction":[{"@type":"ReadAction","target":["https:\/\/suomenbrittifordkerho.net\/index.php\/kirjaudu-sisaan\/"]}]},{"@type":"BreadcrumbList","@id":"https:\/\/suomenbrittifordkerho.net\/index.php\/kirjaudu-sisaan\/#breadcrumb","itemListElement":[{"@type":"ListItem","position":1,"name":"Etusivu","item":"https:\/\/suomenbrittifordkerho.net\/"},{"@type":"ListItem","position":2,"name":"Kirjaudu sis\u00e4\u00e4n"}]},{"@type":"WebSite","@id":"https:\/\/suomenbrittifordkerho.net\/#website","url":"https:\/\/suomenbrittifordkerho.net\/","name":"Suomen BrittiFord -Kerho","description":"","potentialAction":[{"@type":"SearchAction","target":{"@type":"EntryPoint","urlTemplate":"https:\/\/suomenbrittifordkerho.net\/?s={search_term_string}"},"query-input":{"@type":"PropertyValueSpecification","valueRequired":true,"valueName":"search_term_string"}}],"inLanguage":"fi"}]}},"rttpg_featured_image_url":null,"rttpg_author":{"display_name":"Joni Salonen","author_link":"https:\/\/suomenbrittifordkerho.net\/index.php\/author\/joni\/"},"rttpg_comment":0,"rttpg_category":null,"rttpg_excerpt":null,"_links":{"self":[{"href":"https:\/\/suomenbrittifordkerho.net\/index.php\/wp-json\/wp\/v2\/pages\/269","targetHints":{"allow":["GET"]}}],"collection":[{"href":"https:\/\/suomenbrittifordkerho.net\/index.php\/wp-json\/wp\/v2\/pages"}],"about":[{"href":"https:\/\/suomenbrittifordkerho.net\/index.php\/wp-json\/wp\/v2\/types\/page"}],"author":[{"embeddable":true,"href":"https:\/\/suomenbrittifordkerho.net\/index.php\/wp-json\/wp\/v2\/users\/2"}],"replies":[{"embeddable":true,"href":"https:\/\/suomenbrittifordkerho.net\/index.php\/wp-json\/wp\/v2\/comments?post=269"}],"version-history":[{"count":1,"href":"https:\/\/suomenbrittifordkerho.net\/index.php\/wp-json\/wp\/v2\/pages\/269\/revisions"}],"predecessor-version":[{"id":270,"href":"https:\/\/suomenbrittifordkerho.net\/index.php\/wp-json\/wp\/v2\/pages\/269\/revisions\/270"}],"wp:attachment":[{"href":"https:\/\/suomenbrittifordkerho.net\/index.php\/wp-json\/wp\/v2\/media?parent=269"}],"curies":[{"name":"wp","href":"https:\/\/api.w.org\/{rel}","templated":true}]}}