{"id":188,"date":"2024-03-24T18:37:46","date_gmt":"2024-03-24T18:37:46","guid":{"rendered":"https:\/\/suomenbrittifordkerho.net\/?page_id=188"},"modified":"2025-01-15T16:10:28","modified_gmt":"2025-01-15T16:10:28","slug":"elementor-188","status":"publish","type":"page","link":"https:\/\/suomenbrittifordkerho.net\/index.php\/elementor-188\/","title":{"rendered":"Yhteystiedot"},"content":{"rendered":"\t\t<div data-elementor-type=\"wp-page\" data-elementor-id=\"188\" class=\"elementor elementor-188\">\n\t\t\t\t<div class=\"elementor-element elementor-element-aeace62 e-flex e-con-boxed e-con e-parent\" data-id=\"aeace62\" data-element_type=\"container\" data-e-type=\"container\">\n\t\t\t\t\t<div class=\"e-con-inner\">\n\t\t\t\t<div class=\"elementor-element elementor-element-96e8ef4 section-title-align-center title-alignment-center section-title-style-style1 title_position_default title_hover_border_default title-default tpg-el-box-border-enable tpg-border-bottom-disable elementor-widget elementor-widget-tpg-grid-layout\" data-id=\"96e8ef4\" data-element_type=\"widget\" data-e-type=\"widget\" data-widget_type=\"tpg-grid-layout.default\">\n\t\t\t\t<div class=\"elementor-widget-container\">\n\t\t\t\t\t\t\t<div class=\"rt-container-fluid rt-tpg-container tpg-el-main-wrapper clearfix grid-layout1-main \"\n\t\t\t id=\"rt-tpg-container-3164931860\"\n\t\t\t data-layout=\"grid-layout1\"\n\t\t\t data-grid-style=\"tpg-full-height\"\n\t\t\t data-sc-id=\"elementor\"\n\t\t\t data-el-settings=''\n\t\t\t data-el-query=''\n\t\t\t data-el-path=''\n\t\t>\n\t\t\t\t\t\t<div class='tpg-header-wrapper '>\n\t\t\t\t\n        <div class=\"tpg-widget-heading-wrapper rt-clear heading-style1 \">\n            <span class=\"tpg-widget-heading-line line-left\"><\/span>\n\t\t\t<h2 class='tpg-widget-heading'>\n\t\t\t\n\t\t\t\t<span class='prefix-text'><\/span>Yhteystiedot<span class='suffix-text'><\/span>\n\t\t\t\t\t\t\t<\/h2>            <span class=\"tpg-widget-heading-line line-right\"><\/span>\n\n\t\t\t\n        <\/div>\n\n\t\t\n\t\t\t\t\t<\/div>\n\n\t\t\t<div data-title=\"Loading ...\" class=\"rt-row rt-content-loader grid-layout1 grid-behaviour tpg-full-height grid_layout_wrapper\">\n\t\t\t\t<div class=\"rt-col-md-4 rt-col-sm-6 rt-col-xs-12 default rt-grid-item post-695 post type-post status-publish format-standard hentry category-yhteystiedot\"        data-id=\"695\">\n    <div class=\"rt-holder tpg-post-holder \">\n        <div class=\"rt-detail rt-el-content-wrapper\">\n\t\t\t\n\t\t\t<div class=\"entry-title-wrapper\"><h3 class=\"entry-title\"><a data-id=\"695\" href=\"https:\/\/suomenbrittifordkerho.net\/index.php\/2024\/05\/16\/puheenjohtaja\/\" class=\"tpg-post-link\" target=\"_self\">Puheenjohtaja<\/a><\/h3><\/div>\n\t\t\t\n\n\t\t\t                <div class=\"tpg-excerpt tpg-el-excerpt\">\n\t\t\t\t\t                        <div class=\"tpg-excerpt-inner\">\n\t\t\t\t\t\t\t<h2>Juuso P\u00f6ll\u00e4nen<\/h2>\n<h2><a href=\"tel:0407277743\">040-727 7743<\/a><\/h2>\n<h2><a href=\"mailto:pollanen1996@gmail.com\">pollanen1996@gmail.com<\/a><\/h2>\n<h2>Tervaruukinkatu 16 A3<\/h2>\n<h2>41160 Tikkakoski<\/h2>\n                        <\/div>\n\t\t\t\t\t\t\t\t\t\t                <\/div>\n\t\t\t\n\t\t\t        <\/div>\n    <\/div>\n<\/div>\n<div class=\"rt-col-md-4 rt-col-sm-6 rt-col-xs-12 default rt-grid-item post-703 post type-post status-publish format-standard hentry category-yhteystiedot\"        data-id=\"703\">\n    <div class=\"rt-holder tpg-post-holder \">\n        <div class=\"rt-detail rt-el-content-wrapper\">\n\t\t\t\n\t\t\t<div class=\"entry-title-wrapper\"><h3 class=\"entry-title\"><a data-id=\"703\" href=\"https:\/\/suomenbrittifordkerho.net\/index.php\/2024\/05\/16\/varapuheenjohtaja\/\" class=\"tpg-post-link\" target=\"_self\">Varapuheenjohtaja<\/a><\/h3><\/div>\n\t\t\t\n\n\t\t\t                <div class=\"tpg-excerpt tpg-el-excerpt\">\n\t\t\t\t\t                        <div class=\"tpg-excerpt-inner\">\n\t\t\t\t\t\t\t<h2>Ari Salonen<\/h2>\n<h2>Puntahymy toimitus<\/h2>\n<h2>kysymykset lehdest\u00e4 tai kaupasta<\/h2>\n<h2><a href=\"mailto:toimitus.sbfk@gmail.com\">toimitus.sbfk@gmail.com<\/a><\/h2>\n<h2>Riihim\u00e4ki<\/h2>\n                        <\/div>\n\t\t\t\t\t\t\t\t\t\t                <\/div>\n\t\t\t\n\t\t\t        <\/div>\n    <\/div>\n<\/div>\n<div class=\"rt-col-md-4 rt-col-sm-6 rt-col-xs-12 default rt-grid-item post-709 post type-post status-publish format-standard hentry category-yhteystiedot\"        data-id=\"709\">\n    <div class=\"rt-holder tpg-post-holder \">\n        <div class=\"rt-detail rt-el-content-wrapper\">\n\t\t\t\n\t\t\t<div class=\"entry-title-wrapper\"><h3 class=\"entry-title\"><a data-id=\"709\" href=\"https:\/\/suomenbrittifordkerho.net\/index.php\/2024\/05\/16\/sihteeri\/\" class=\"tpg-post-link\" target=\"_self\">Sihteeri<\/a><\/h3><\/div>\n\t\t\t\n\n\t\t\t                <div class=\"tpg-excerpt tpg-el-excerpt\">\n\t\t\t\t\t                        <div class=\"tpg-excerpt-inner\">\n\t\t\t\t\t\t\t<h2>Pasi Lankinen<\/h2>\n<h2><a href=\"tel:0505993682\">050-599 3682<\/a><\/h2>\n<h2><a href=\"mailto:pasi.lankinen@sci.fi\">pasi.lankinen@sci.fi<\/a><\/h2>\n<h2>Vaununper\u00e4ntie 523<\/h2>\n<h2>38210 Sastamala<\/h2>\n                        <\/div>\n\t\t\t\t\t\t\t\t\t\t                <\/div>\n\t\t\t\n\t\t\t        <\/div>\n    <\/div>\n<\/div>\n<div class=\"rt-col-md-4 rt-col-sm-6 rt-col-xs-12 default rt-grid-item post-720 post type-post status-publish format-standard hentry category-yhteystiedot\"        data-id=\"720\">\n    <div class=\"rt-holder tpg-post-holder \">\n        <div class=\"rt-detail rt-el-content-wrapper\">\n\t\t\t\n\t\t\t<div class=\"entry-title-wrapper\"><h3 class=\"entry-title\"><a data-id=\"720\" href=\"https:\/\/suomenbrittifordkerho.net\/index.php\/2024\/05\/16\/jasenyhdyshenkilo\/\" class=\"tpg-post-link\" target=\"_self\">J\u00e4senyhdyshenkil\u00f6<\/a><\/h3><\/div>\n\t\t\t\n\n\t\t\t                <div class=\"tpg-excerpt tpg-el-excerpt\">\n\t\t\t\t\t                        <div class=\"tpg-excerpt-inner\">\n\t\t\t\t\t\t\t<h2>Heidi Nurminen<\/h2>\n<h2>Rahastonhoitaja<\/h2>\n<h2><a href=\"tel:0405637377\">040-563 7377<\/a><\/h2>\n<h2><a href=\"mailto:heidi.nurminen0@gmail.com\">heidi.nurminen0@gmail.com<\/a><\/h2>\n<h2>Kiikkarantie 21<\/h2>\n<h2>14300 Renko<\/h2>\n                        <\/div>\n\t\t\t\t\t\t\t\t\t\t                <\/div>\n\t\t\t\n\t\t\t        <\/div>\n    <\/div>\n<\/div>\n<div class=\"rt-col-md-4 rt-col-sm-6 rt-col-xs-12 default rt-grid-item post-725 post type-post status-publish format-standard hentry category-yhteystiedot\"        data-id=\"725\">\n    <div class=\"rt-holder tpg-post-holder \">\n        <div class=\"rt-detail rt-el-content-wrapper\">\n\t\t\t\n\t\t\t<div class=\"entry-title-wrapper\"><h3 class=\"entry-title\"><a data-id=\"725\" href=\"https:\/\/suomenbrittifordkerho.net\/index.php\/2024\/05\/16\/internet-vastaava\/\" class=\"tpg-post-link\" target=\"_self\">Internet-vastaava<\/a><\/h3><\/div>\n\t\t\t\n\n\t\t\t                <div class=\"tpg-excerpt tpg-el-excerpt\">\n\t\t\t\t\t                        <div class=\"tpg-excerpt-inner\">\n\t\t\t\t\t\t\t<h2>Jyri Karhelammi<\/h2>\n<h2><a href=\"tel:0407579920\">040-757 9920<\/a><\/h2>\n<h2><a href=\"mailto:jyri.karhelammi@gmail.com\">jyri.karhelammi@gmail.com<\/a><\/h2>\n<h2>K\u00e4r\u00e4j\u00e4kuja 5<\/h2>\n<h2>14300 Renko<\/h2>\n                        <\/div>\n\t\t\t\t\t\t\t\t\t\t                <\/div>\n\t\t\t\n\t\t\t        <\/div>\n    <\/div>\n<\/div>\n<div class=\"rt-col-md-4 rt-col-sm-6 rt-col-xs-12 default rt-grid-item post-730 post type-post status-publish format-standard hentry category-yhteystiedot\"        data-id=\"730\">\n    <div class=\"rt-holder tpg-post-holder \">\n        <div class=\"rt-detail rt-el-content-wrapper\">\n\t\t\t\n\t\t\t<div class=\"entry-title-wrapper\"><h3 class=\"entry-title\"><a data-id=\"730\" href=\"https:\/\/suomenbrittifordkerho.net\/index.php\/2024\/05\/16\/cortina-yhdyshenkilo\/\" class=\"tpg-post-link\" target=\"_self\">Cortina-yhdyshenkil\u00f6<\/a><\/h3><\/div>\n\t\t\t\n\n\t\t\t                <div class=\"tpg-excerpt tpg-el-excerpt\">\n\t\t\t\t\t                        <div class=\"tpg-excerpt-inner\">\n\t\t\t\t\t\t\t<h2>Sami Haavisto<\/h2>\n<h2><a href=\"tel:0503607820\">050-360 7820<\/a><\/h2>\n<h2><a href=\"mailto:sami.haavisto@kolumbus.fi\">sami.haavisto@kolumbus.fi<\/a><\/h2>\n<h2>Set\u00e4rinkatu 38<\/h2>\n<h2>30100 Forssa<\/h2>\n                        <\/div>\n\t\t\t\t\t\t\t\t\t\t                <\/div>\n\t\t\t\n\t\t\t        <\/div>\n    <\/div>\n<\/div>\n<div class=\"rt-col-md-4 rt-col-sm-6 rt-col-xs-12 default rt-grid-item post-735 post type-post status-publish format-standard hentry category-yhteystiedot\"        data-id=\"735\">\n    <div class=\"rt-holder tpg-post-holder \">\n        <div class=\"rt-detail rt-el-content-wrapper\">\n\t\t\t\n\t\t\t<div class=\"entry-title-wrapper\"><h3 class=\"entry-title\"><a data-id=\"735\" href=\"https:\/\/suomenbrittifordkerho.net\/index.php\/2024\/05\/16\/escort-capri-yhdyshenkilo\/\" class=\"tpg-post-link\" target=\"_self\">Escort\/Capri-yhdyshenkil\u00f6<\/a><\/h3><\/div>\n\t\t\t\n\n\t\t\t                <div class=\"tpg-excerpt tpg-el-excerpt\">\n\t\t\t\t\t                        <div class=\"tpg-excerpt-inner\">\n\t\t\t\t\t\t\t<h2>Jani Nurminen<\/h2>\n<h2><a href=\"tel:0509132255\">050-913 2255<\/a><\/h2>\n<h2><a href=\"mailto:jani.h.nurminen@gmail.com\">jani.h.nurminen@gmail.com<\/a><\/h2>\n<h2>Kiikkarantie 21<\/h2>\n<h2>14300 Renko<\/h2>\n                        <\/div>\n\t\t\t\t\t\t\t\t\t\t                <\/div>\n\t\t\t\n\t\t\t        <\/div>\n    <\/div>\n<\/div>\n<div class=\"rt-col-md-4 rt-col-sm-6 rt-col-xs-12 default rt-grid-item post-743 post type-post status-publish format-standard hentry category-yhteystiedot\"        data-id=\"743\">\n    <div class=\"rt-holder tpg-post-holder \">\n        <div class=\"rt-detail rt-el-content-wrapper\">\n\t\t\t\n\t\t\t<div class=\"entry-title-wrapper\"><h3 class=\"entry-title\"><a data-id=\"743\" href=\"https:\/\/suomenbrittifordkerho.net\/index.php\/2024\/05\/16\/thames-yhdyshenkilo\/\" class=\"tpg-post-link\" target=\"_self\">Thames\/Zephyr-yhdyshenkil\u00f6<\/a><\/h3><\/div>\n\t\t\t\n\n\t\t\t                <div class=\"tpg-excerpt tpg-el-excerpt\">\n\t\t\t\t\t                        <div class=\"tpg-excerpt-inner\">\n\t\t\t\t\t\t\t<h2>Tommi Kumpulainen<\/h2>\n<h2><a href=\"tel:0403531149\">040-353 1149<\/a><\/h2>\n<h2><a href=\"mailto:tommi.kumpulainen070@gmail.com\">tommi.kumpulainen070@gmail.com<\/a><\/h2>\n<h2> Raamikatu 3 D 81<\/h2>\n<h2>15140 Lahti<\/h2>\n                        <\/div>\n\t\t\t\t\t\t\t\t\t\t                <\/div>\n\t\t\t\n\t\t\t        <\/div>\n    <\/div>\n<\/div>\n<div class=\"rt-col-md-4 rt-col-sm-6 rt-col-xs-12 default rt-grid-item post-748 post type-post status-publish format-standard hentry category-yhteystiedot\"        data-id=\"748\">\n    <div class=\"rt-holder tpg-post-holder \">\n        <div class=\"rt-detail rt-el-content-wrapper\">\n\t\t\t\n\t\t\t<div class=\"entry-title-wrapper\"><h3 class=\"entry-title\"><a data-id=\"748\" href=\"https:\/\/suomenbrittifordkerho.net\/index.php\/2024\/05\/16\/anglia-zephyr-yhdyshenkilo\/\" class=\"tpg-post-link\" target=\"_self\">Anglia-yhdyshenkil\u00f6<\/a><\/h3><\/div>\n\t\t\t\n\n\t\t\t                <div class=\"tpg-excerpt tpg-el-excerpt\">\n\t\t\t\t\t                        <div class=\"tpg-excerpt-inner\">\n\t\t\t\t\t\t\t<h2>Kari Sundstr\u00f6m<\/h2>\n<h2><a href=\"tel:0440894708\">044-089 4708<\/a><\/h2>\n<h2><a href=\"mailto:kari.sundstrom3@gmail.com\">kari.sundstrom3@gmail.com<\/a><\/h2>\n<h2>Valimonmutka 5<\/h2>\n<h2>46810 Ummeljoki<\/h2>\n                        <\/div>\n\t\t\t\t\t\t\t\t\t\t                <\/div>\n\t\t\t\n\t\t\t        <\/div>\n    <\/div>\n<\/div>\n<div class=\"rt-col-md-4 rt-col-sm-6 rt-col-xs-12 default rt-grid-item post-1036 post type-post status-publish format-standard hentry category-yhteystiedot\"        data-id=\"1036\">\n    <div class=\"rt-holder tpg-post-holder \">\n        <div class=\"rt-detail rt-el-content-wrapper\">\n\t\t\t\n\t\t\t<div class=\"entry-title-wrapper\"><h3 class=\"entry-title\"><a data-id=\"1036\" href=\"https:\/\/suomenbrittifordkerho.net\/index.php\/2025\/01\/15\/transit-yhdysmies\/\" class=\"tpg-post-link\" target=\"_self\">Transit yhdysmies<\/a><\/h3><\/div>\n\t\t\t\n\n\t\t\t                <div class=\"tpg-excerpt tpg-el-excerpt\">\n\t\t\t\t\t                        <div class=\"tpg-excerpt-inner\">\n\t\t\t\t\t\t\t<h2>Juha Peuraniemi<\/h2>\n<h2><a href=\"tel:0407388987\">040-738 8987<\/a><\/h2>\n<h2><a href=\"mailto:juhapeuraniemi@gmail.com\">juhapeuraniemi@gmail.com<\/a><\/h2>\n<h2>Leikkim\u00e4ki 1C 22<\/h2>\n<h2>02400 Kirkkonummi<\/h2>\n                        <\/div>\n\t\t\t\t\t\t\t\t\t\t                <\/div>\n\t\t\t\n\t\t\t        <\/div>\n    <\/div>\n<\/div>\n\t\t\t<\/div>\n\t\t\t\n\t\t<\/div>\n\t\t\t\t\t\t<\/div>\n\t\t\t\t<\/div>\n\t\t\t\t\t<\/div>\n\t\t\t\t<\/div>\n\t\t\t\t<\/div>\n\t\t","protected":false},"excerpt":{"rendered":"<p>Yhteystiedot Puheenjohtaja Juuso P\u00f6ll\u00e4nen 040-727 743 pollanen1996@gmail.com Tervaruukinkatu 16 A3 41160 Tikkakoski Varapuheenjohtaja Heikki Lehti Puntahymy toimitus 040-525 1504 heikki.lehti@netti.fi Pellavakaskentie 11 B 00650 Helsinki Sihteeri Pasi Lankinen 050-599 3682 pasi.lankinen@sci.fi Vaununper\u00e4ntie 523 38210 Sastamala J\u00e4senyhdyshenkil\u00f6 Heidi Nurminen Rahastonhoitaja 040-563 7377 heidi.nurminen0@gmail.com Kiikkarantie 21 14300 Renko Internet-vastaava Jyri Karhelammi 040-757 9920 jyri.karhelammi@gmail.com K\u00e4r\u00e4j\u00e4kuja 5 14300 [&hellip;]<\/p>\n","protected":false},"author":2,"featured_media":0,"parent":0,"menu_order":0,"comment_status":"closed","ping_status":"closed","template":"","meta":{"_bbp_topic_count":0,"_bbp_reply_count":0,"_bbp_total_topic_count":0,"_bbp_total_reply_count":0,"_bbp_voice_count":0,"_bbp_anonymous_reply_count":0,"_bbp_topic_count_hidden":0,"_bbp_reply_count_hidden":0,"_bbp_forum_subforum_count":0,"footnotes":""},"class_list":["post-188","page","type-page","status-publish","hentry"],"yoast_head":"<!-- This site is optimized with the Yoast SEO plugin v27.4 - https:\/\/yoast.com\/product\/yoast-seo-wordpress\/ -->\n<title>Yhteystiedot - Suomen BrittiFord -Kerho<\/title>\n<meta name=\"description\" content=\"Suomen BrittiFord -kerhon yhteystiedot, johon kuuluu nimi, rooli, puhelinnumero, s\u00e4hk\u00f6posti ja osoite\" \/>\n<meta name=\"robots\" content=\"index, follow, max-snippet:-1, max-image-preview:large, max-video-preview:-1\" \/>\n<link rel=\"canonical\" href=\"https:\/\/suomenbrittifordkerho.net\/index.php\/elementor-188\/\" \/>\n<meta property=\"og:locale\" content=\"fi_FI\" \/>\n<meta property=\"og:type\" content=\"article\" \/>\n<meta property=\"og:title\" content=\"Yhteystiedot - Suomen BrittiFord -Kerho\" \/>\n<meta property=\"og:description\" content=\"Suomen BrittiFord -kerhon yhteystiedot, johon kuuluu nimi, rooli, puhelinnumero, s\u00e4hk\u00f6posti ja osoite\" \/>\n<meta property=\"og:url\" content=\"https:\/\/suomenbrittifordkerho.net\/index.php\/elementor-188\/\" \/>\n<meta property=\"og:site_name\" content=\"Suomen BrittiFord -Kerho\" \/>\n<meta property=\"article:modified_time\" content=\"2025-01-15T16:10:28+00:00\" \/>\n<meta name=\"twitter:card\" content=\"summary_large_image\" \/>\n<meta name=\"twitter:label1\" content=\"Arvioitu lukuaika\" \/>\n\t<meta name=\"twitter:data1\" content=\"2 minuuttia\" \/>\n<script type=\"application\/ld+json\" class=\"yoast-schema-graph\">{\"@context\":\"https:\\\/\\\/schema.org\",\"@graph\":[{\"@type\":\"WebPage\",\"@id\":\"https:\\\/\\\/suomenbrittifordkerho.net\\\/index.php\\\/elementor-188\\\/\",\"url\":\"https:\\\/\\\/suomenbrittifordkerho.net\\\/index.php\\\/elementor-188\\\/\",\"name\":\"Yhteystiedot - Suomen BrittiFord -Kerho\",\"isPartOf\":{\"@id\":\"https:\\\/\\\/suomenbrittifordkerho.net\\\/#website\"},\"datePublished\":\"2024-03-24T18:37:46+00:00\",\"dateModified\":\"2025-01-15T16:10:28+00:00\",\"description\":\"Suomen BrittiFord -kerhon yhteystiedot, johon kuuluu nimi, rooli, puhelinnumero, s\u00e4hk\u00f6posti ja osoite\",\"breadcrumb\":{\"@id\":\"https:\\\/\\\/suomenbrittifordkerho.net\\\/index.php\\\/elementor-188\\\/#breadcrumb\"},\"inLanguage\":\"fi\",\"potentialAction\":[{\"@type\":\"ReadAction\",\"target\":[\"https:\\\/\\\/suomenbrittifordkerho.net\\\/index.php\\\/elementor-188\\\/\"]}]},{\"@type\":\"BreadcrumbList\",\"@id\":\"https:\\\/\\\/suomenbrittifordkerho.net\\\/index.php\\\/elementor-188\\\/#breadcrumb\",\"itemListElement\":[{\"@type\":\"ListItem\",\"position\":1,\"name\":\"Etusivu\",\"item\":\"https:\\\/\\\/suomenbrittifordkerho.net\\\/\"},{\"@type\":\"ListItem\",\"position\":2,\"name\":\"Yhteystiedot\"}]},{\"@type\":\"WebSite\",\"@id\":\"https:\\\/\\\/suomenbrittifordkerho.net\\\/#website\",\"url\":\"https:\\\/\\\/suomenbrittifordkerho.net\\\/\",\"name\":\"Suomen BrittiFord -Kerho\",\"description\":\"\",\"potentialAction\":[{\"@type\":\"SearchAction\",\"target\":{\"@type\":\"EntryPoint\",\"urlTemplate\":\"https:\\\/\\\/suomenbrittifordkerho.net\\\/?s={search_term_string}\"},\"query-input\":{\"@type\":\"PropertyValueSpecification\",\"valueRequired\":true,\"valueName\":\"search_term_string\"}}],\"inLanguage\":\"fi\"}]}<\/script>\n<!-- \/ Yoast SEO plugin. -->","yoast_head_json":{"title":"Yhteystiedot - Suomen BrittiFord -Kerho","description":"Suomen BrittiFord -kerhon yhteystiedot, johon kuuluu nimi, rooli, puhelinnumero, s\u00e4hk\u00f6posti ja osoite","robots":{"index":"index","follow":"follow","max-snippet":"max-snippet:-1","max-image-preview":"max-image-preview:large","max-video-preview":"max-video-preview:-1"},"canonical":"https:\/\/suomenbrittifordkerho.net\/index.php\/elementor-188\/","og_locale":"fi_FI","og_type":"article","og_title":"Yhteystiedot - Suomen BrittiFord -Kerho","og_description":"Suomen BrittiFord -kerhon yhteystiedot, johon kuuluu nimi, rooli, puhelinnumero, s\u00e4hk\u00f6posti ja osoite","og_url":"https:\/\/suomenbrittifordkerho.net\/index.php\/elementor-188\/","og_site_name":"Suomen BrittiFord -Kerho","article_modified_time":"2025-01-15T16:10:28+00:00","twitter_card":"summary_large_image","twitter_misc":{"Arvioitu lukuaika":"2 minuuttia"},"schema":{"@context":"https:\/\/schema.org","@graph":[{"@type":"WebPage","@id":"https:\/\/suomenbrittifordkerho.net\/index.php\/elementor-188\/","url":"https:\/\/suomenbrittifordkerho.net\/index.php\/elementor-188\/","name":"Yhteystiedot - Suomen BrittiFord -Kerho","isPartOf":{"@id":"https:\/\/suomenbrittifordkerho.net\/#website"},"datePublished":"2024-03-24T18:37:46+00:00","dateModified":"2025-01-15T16:10:28+00:00","description":"Suomen BrittiFord -kerhon yhteystiedot, johon kuuluu nimi, rooli, puhelinnumero, s\u00e4hk\u00f6posti ja osoite","breadcrumb":{"@id":"https:\/\/suomenbrittifordkerho.net\/index.php\/elementor-188\/#breadcrumb"},"inLanguage":"fi","potentialAction":[{"@type":"ReadAction","target":["https:\/\/suomenbrittifordkerho.net\/index.php\/elementor-188\/"]}]},{"@type":"BreadcrumbList","@id":"https:\/\/suomenbrittifordkerho.net\/index.php\/elementor-188\/#breadcrumb","itemListElement":[{"@type":"ListItem","position":1,"name":"Etusivu","item":"https:\/\/suomenbrittifordkerho.net\/"},{"@type":"ListItem","position":2,"name":"Yhteystiedot"}]},{"@type":"WebSite","@id":"https:\/\/suomenbrittifordkerho.net\/#website","url":"https:\/\/suomenbrittifordkerho.net\/","name":"Suomen BrittiFord -Kerho","description":"","potentialAction":[{"@type":"SearchAction","target":{"@type":"EntryPoint","urlTemplate":"https:\/\/suomenbrittifordkerho.net\/?s={search_term_string}"},"query-input":{"@type":"PropertyValueSpecification","valueRequired":true,"valueName":"search_term_string"}}],"inLanguage":"fi"}]}},"rttpg_featured_image_url":null,"rttpg_author":{"display_name":"Joni Salonen","author_link":"https:\/\/suomenbrittifordkerho.net\/index.php\/author\/joni\/"},"rttpg_comment":0,"rttpg_category":"","rttpg_excerpt":"Yhteystiedot Puheenjohtaja Juuso P\u00f6ll\u00e4nen 040-727 743 pollanen1996@gmail.com Tervaruukinkatu 16 A3 41160 Tikkakoski Varapuheenjohtaja Heikki Lehti Puntahymy toimitus 040-525 1504 heikki.lehti@netti.fi Pellavakaskentie 11 B 00650 Helsinki Sihteeri Pasi Lankinen 050-599 3682 pasi.lankinen@sci.fi Vaununper\u00e4ntie 523 38210 Sastamala J\u00e4senyhdyshenkil\u00f6 Heidi Nurminen Rahastonhoitaja 040-563 7377 heidi.nurminen0@gmail.com Kiikkarantie 21 14300 Renko Internet-vastaava Jyri Karhelammi 040-757 9920 jyri.karhelammi@gmail.com K\u00e4r\u00e4j\u00e4kuja 5 14300&hellip;","_links":{"self":[{"href":"https:\/\/suomenbrittifordkerho.net\/index.php\/wp-json\/wp\/v2\/pages\/188","targetHints":{"allow":["GET"]}}],"collection":[{"href":"https:\/\/suomenbrittifordkerho.net\/index.php\/wp-json\/wp\/v2\/pages"}],"about":[{"href":"https:\/\/suomenbrittifordkerho.net\/index.php\/wp-json\/wp\/v2\/types\/page"}],"author":[{"embeddable":true,"href":"https:\/\/suomenbrittifordkerho.net\/index.php\/wp-json\/wp\/v2\/users\/2"}],"replies":[{"embeddable":true,"href":"https:\/\/suomenbrittifordkerho.net\/index.php\/wp-json\/wp\/v2\/comments?post=188"}],"version-history":[{"count":43,"href":"https:\/\/suomenbrittifordkerho.net\/index.php\/wp-json\/wp\/v2\/pages\/188\/revisions"}],"predecessor-version":[{"id":1053,"href":"https:\/\/suomenbrittifordkerho.net\/index.php\/wp-json\/wp\/v2\/pages\/188\/revisions\/1053"}],"wp:attachment":[{"href":"https:\/\/suomenbrittifordkerho.net\/index.php\/wp-json\/wp\/v2\/media?parent=188"}],"curies":[{"name":"wp","href":"https:\/\/api.w.org\/{rel}","templated":true}]}}